{"id":72,"date":"2014-11-23T18:11:21","date_gmt":"2014-11-23T16:11:21","guid":{"rendered":"http:\/\/neptune.asceagr.fr\/?page_id=72"},"modified":"2017-03-03T16:36:05","modified_gmt":"2017-03-03T14:36:05","slug":"ledition-2015-2","status":"publish","type":"page","link":"https:\/\/neptune.asceagr.fr\/?page_id=72","title":{"rendered":"L&rsquo;Edition 2015, du 20 au 27 Septembre"},"content":{"rendered":"<h2 style=\"text-align: left;\"><strong>organis\u00e9e par l&rsquo;ASCEA\/GR<\/strong><\/h2>\n<p style=\"text-align: right;\">Documents de r\u00e9f\u00e9rence :<\/p>\n<p style=\"text-align: right;\">&#8211; <a href=\"http:\/\/neptune.asceagr.fr\/wp-content\/uploads\/2014\/11\/Neptune-2015-envoi-1-clubs-union_300-dpi.pdf\" target=\"_blank\">Neptune 2015 Pr\u00e9sentation<\/a><\/p>\n<p style=\"text-align: right;\">&#8211; <a href=\"http:\/\/neptune.asceagr.fr\/wp-content\/uploads\/2014\/11\/fichier-inscription-neptune-2015.xlsx\" target=\"_blank\">fichier inscription neptune 2015<\/a><\/p>\n<p style=\"text-align: right;\">&#8211; <a title=\"Coupe Neptune 2015, la r\u00e9ponses au Questions\" href=\"http:\/\/neptune.asceagr.fr\/?page_id=142\">la r\u00e9ponse aux questions que vous vous posez<\/a><\/p>\n<p>La coupe neptune 2015 (37\u00e8me \u00e9dition) se d\u00e9roulera \u00e0 Galeria en Corse <strong><span style=\"color: #ff0000;\">du 20 au 27 septembre 2015<\/span><\/strong> (du Dimanche au Dimanche), pr\u00e8s de Calvi, et au sein du centre de plong\u00e9e Incantu (<a title=\"http:\/\/www.incantu.com\/\" href=\"http:\/\/www.incantu.com\/\" target=\"_blank\">http:\/\/www.incantu.com\/<\/a>).<\/p>\n<p>Cette ann\u00e9e, c&rsquo;est la Section Sports Sous-Marins de l&rsquo;ASCEA\/GR du CEA Bruy\u00e8res le Chatel qui se charge de l&rsquo;organisation. La pr\u00e9sentation peut \u00eatre visualis\u00e9e ici :\u00a0 <a href=\"http:\/\/neptune.asceagr.fr\/wp-content\/uploads\/2014\/11\/Neptune-2015-envoi-1-clubs-union_300-dpi.pdf\" target=\"_blank\">Neptune 2015 Pr\u00e9sentation<\/a><\/p>\n<p><a href=\"https:\/\/i0.wp.com\/neptune.asceagr.fr\/wp-content\/uploads\/2014\/09\/Maquette.jpg\"><img data-recalc-dims=\"1\" loading=\"lazy\" decoding=\"async\" data-attachment-id=\"43\" data-permalink=\"https:\/\/neptune.asceagr.fr\/?attachment_id=43\" data-orig-file=\"https:\/\/i0.wp.com\/neptune.asceagr.fr\/wp-content\/uploads\/2014\/09\/Maquette.jpg?fit=4392%2C4000&amp;ssl=1\" data-orig-size=\"4392,4000\" data-comments-opened=\"0\" data-image-meta=\"{&quot;aperture&quot;:&quot;0&quot;,&quot;credit&quot;:&quot;&quot;,&quot;camera&quot;:&quot;&quot;,&quot;caption&quot;:&quot;&quot;,&quot;created_timestamp&quot;:&quot;0&quot;,&quot;copyright&quot;:&quot;&quot;,&quot;focal_length&quot;:&quot;0&quot;,&quot;iso&quot;:&quot;0&quot;,&quot;shutter_speed&quot;:&quot;0&quot;,&quot;title&quot;:&quot;&quot;}\" data-image-title=\"Maquette\" data-image-description=\"\" data-image-caption=\"\" data-large-file=\"https:\/\/i0.wp.com\/neptune.asceagr.fr\/wp-content\/uploads\/2014\/09\/Maquette.jpg?fit=640%2C583&amp;ssl=1\" class=\"alignnone wp-image-43 size-thumbnail\" src=\"https:\/\/i0.wp.com\/neptune.asceagr.fr\/wp-content\/uploads\/2014\/09\/Maquette-150x150.jpg?resize=150%2C150\" alt=\"Maquette\" width=\"150\" height=\"150\" srcset=\"https:\/\/i0.wp.com\/neptune.asceagr.fr\/wp-content\/uploads\/2014\/09\/Maquette.jpg?resize=150%2C150&amp;ssl=1 150w, https:\/\/i0.wp.com\/neptune.asceagr.fr\/wp-content\/uploads\/2014\/09\/Maquette.jpg?zoom=2&amp;resize=150%2C150&amp;ssl=1 300w, https:\/\/i0.wp.com\/neptune.asceagr.fr\/wp-content\/uploads\/2014\/09\/Maquette.jpg?zoom=3&amp;resize=150%2C150&amp;ssl=1 450w\" sizes=\"auto, (max-width: 150px) 100vw, 150px\" \/><\/a>\u00a0 \u00a0 \u00a0 \u00a0 \u00a0<a href=\"https:\/\/i0.wp.com\/neptune.asceagr.fr\/wp-content\/uploads\/2014\/09\/Logo-CN-2015-H250.png\"><img data-recalc-dims=\"1\" loading=\"lazy\" decoding=\"async\" data-attachment-id=\"42\" data-permalink=\"https:\/\/neptune.asceagr.fr\/?attachment_id=42\" data-orig-file=\"https:\/\/i0.wp.com\/neptune.asceagr.fr\/wp-content\/uploads\/2014\/09\/Logo-CN-2015-H250.png?fit=319%2C250&amp;ssl=1\" data-orig-size=\"319,250\" data-comments-opened=\"0\" data-image-meta=\"{&quot;aperture&quot;:&quot;0&quot;,&quot;credit&quot;:&quot;&quot;,&quot;camera&quot;:&quot;&quot;,&quot;caption&quot;:&quot;&quot;,&quot;created_timestamp&quot;:&quot;0&quot;,&quot;copyright&quot;:&quot;&quot;,&quot;focal_length&quot;:&quot;0&quot;,&quot;iso&quot;:&quot;0&quot;,&quot;shutter_speed&quot;:&quot;0&quot;,&quot;title&quot;:&quot;&quot;}\" data-image-title=\"Logo-CN-2015-H250\" data-image-description=\"\" data-image-caption=\"\" data-large-file=\"https:\/\/i0.wp.com\/neptune.asceagr.fr\/wp-content\/uploads\/2014\/09\/Logo-CN-2015-H250.png?fit=319%2C250&amp;ssl=1\" class=\"alignnone size-thumbnail wp-image-42 alignright\" src=\"https:\/\/i0.wp.com\/neptune.asceagr.fr\/wp-content\/uploads\/2014\/09\/Logo-CN-2015-H250-150x150.png?resize=150%2C150\" alt=\"Logo-CN-2015-H250\" width=\"150\" height=\"150\" srcset=\"https:\/\/i0.wp.com\/neptune.asceagr.fr\/wp-content\/uploads\/2014\/09\/Logo-CN-2015-H250.png?resize=150%2C150&amp;ssl=1 150w, https:\/\/i0.wp.com\/neptune.asceagr.fr\/wp-content\/uploads\/2014\/09\/Logo-CN-2015-H250.png?zoom=2&amp;resize=150%2C150&amp;ssl=1 300w\" sizes=\"auto, (max-width: 150px) 100vw, 150px\" \/><\/a><\/p>\n<p>L\u2019ASCEA-GR vous propose quatre possibilit\u00e9s de s\u00e9jours :<\/p>\n<ul>\n<li>S\u00e9jour 1 = Plongeur (10 plong\u00e9es)<\/li>\n<li>S\u00e9jour 2 = Cocktail (8 plong\u00e9es &amp; visites)<\/li>\n<li>S\u00e9jour 3 = Accompagnant \u00ab visites \u00bb dit s\u00e9jour \u00e9vasion<\/li>\n<li>S\u00e9jour 4 = Accompagnant \u00ab libre \u00bb dit non plongeur<\/li>\n<\/ul>\n<p>Les trois premiers s\u00e9jours sont au m\u00eame co\u00fbt : 860 \u20ac. Le s\u00e9jour 4 est \u00e0 740 \u20ac. Le co\u00fbt d\u00e9finitif nous sera confirm\u00e9 en d\u00e9but d\u2019ann\u00e9e 2015. Incantu nous a indiqu\u00e9 que sa fourchette d\u2019incertitude \u00e9tait de l\u2019ordre de +\/- 20\u20ac.<br \/>\nCes co\u00fbts sont bas\u00e9s sur le trajet en avion \u00e0 partir de Paris qui ne devraient pas trop \u00e9voluer. Les trajets \u00e0 partir de Marseille, Lyon ou Bordeaux seront pr\u00e9cis\u00e9s en d\u00e9but d\u2019ann\u00e9e 2015. Ils pourront \u00eatre l\u00e9g\u00e8rement diff\u00e9rents.\u00a0<strong><span style=\"color: #00a2ff;\">Pour les encadrants (\u00e0 partir du niveau 4), les co\u00fbts du s\u00e9jour 1 ou 2 sont r\u00e9duits de 120 \u20ac, soit 740 \u20ac<\/span><\/strong>.<\/p>\n<p>Il faudra compter une moins-value de 180 \u20ac en cas de d\u00e9duction du trajet a\u00e9rien.<\/p>\n<p>Dans le co\u00fbt annonc\u00e9, les prestations suivantes sont incluses :<\/p>\n<ul>\n<li>L\u2019organisation de votre voyage avec la r\u00e9servation des billets d\u2019avion<\/li>\n<li>Le voyage a\u00e9rien Paris\/Calvi (aller et retour)<\/li>\n<li>Les transferts a\u00e9roports (en Corse) en autocar<\/li>\n<li>L\u2019h\u00e9bergement en appartements de 2, 4 ou 6 personnes<\/li>\n<li>La pension compl\u00e8te dans notre restaurant (cuisine traditionnelle)<\/li>\n<li>Le pot de bienvenue et le vin pendant les repas<\/li>\n<li>La location des bateaux avec directeur de plong\u00e9e<\/li>\n<li>s\u00e9jour 1 avec un forfait de 10 plong\u00e9es de jour, s\u00e9jour 2 avec un forfait de 8 plong\u00e9es et de 2 visites ou s\u00e9jour 3 avec les visites,<\/li>\n<li>La location des blocs et des plombs ainsi que le gonflage<\/li>\n<li>La visite de la R\u00e9serve de Scandola (class\u00e9e au patrimoine mondiale de l\u2019unesco)<\/li>\n<\/ul>\n<p>Nos prix ne comprennent pas :<\/p>\n<ul>\n<li>les boissons hors repas ainsi que les caf\u00e9s,<\/li>\n<li>le nitrox,<\/li>\n<li>le suppl\u00e9ment \u00ab chambre seul \u00bb,<\/li>\n<li>La location du mat\u00e9riel de plong\u00e9e (\u00e0 voir sur place)<\/li>\n<li>La franchise exc\u00e8dent de bagages sur l\u2019a\u00e9rien.<\/li>\n<\/ul>\n<p><strong>Le choix entre les s\u00e9jours 1 et 2 est primordial pour l\u2019organisation de la coupe<\/strong>. Nous vous demandons de le faire d\u00e8s maintenant. Ce choix pr\u00e9coce permet de mieux appr\u00e9hender l\u2019organisation.<span style=\"color: #00a2ff;\"> <strong>Il sera confirm\u00e9 aupr\u00e8s de vous avant le premier versement, apr\u00e8s validation aupr\u00e8s d\u2019Incantu.<\/strong><\/span><br \/>\nSelon la r\u00e9partition entre les diff\u00e9rents types de s\u00e9jour choisis par les participants, Incantu pourrait \u00eatre amen\u00e9 \u00e0 proposer des variantes. En clair, s\u2019il y a 90% de plongeurs qui prennent le s\u00e9jour 2, il est possible qu\u2019Incantu revienne vers nous pour demander que tous les plongeurs fassent le s\u00e9jour 2 pour simplifier l\u2019organisation des plong\u00e9es. Ceci est une hypoth\u00e8se \u00e0 prendre en compte.<\/p>\n<p>Dans tous les cas :<\/p>\n<ul>\n<li>Il y aura une journ\u00e9e de repos pour tous les plongeurs pendant le s\u00e9jour. Compte tenu du nombre de participants, il y aura vraisemblablement deux journ\u00e9es de repos (la moiti\u00e9 des plongeurs, chaque fois)<\/li>\n<li>Selon les conditions m\u00e9t\u00e9o, une plong\u00e9e de nuit pourra \u00eatre organis\u00e9e. Elle sera, hors forfait, sauf pour les encadrants<\/li>\n<\/ul>\n<p>Pour ce qui concerne les chambres, nous vous demandons de pr\u00e9ciser les couples. Nous ne pouvons vous indiquer d\u00e8s maintenant si vous serez dans un logement de 2, de 4 (une chambre et une pi\u00e8ce commune avec deux couchages) ou de 6 (deux chambres et une pi\u00e8ce commune avec deux couchages).\u00a0Cependant les couples seront tous dans une chambre.<br \/>\nLa capacit\u00e9 d\u2019Incantu est importante en termes d\u2019accueil de plongeurs et de restauration. Toutefois, comme en 2009, un certain nombre d\u2019entre nous sera, vraisemblablement log\u00e9 dans un ou des h\u00f4tels avoisinants.<\/p>\n<p>Pour celles et ceux qui souhaitent venir par leurs propres moyens (en voiture), les possibilit\u00e9s de parkings sont larges et ne posent aucun souci.<br \/>\nPour celles et ceux qui souhaitent prendre eux-m\u00eames leur billet d\u2019avion, vous devrez faire en sorte de prendre le transport (bus ou minibus d\u2019Incantu) qui sera pr\u00e9sent \u00e0 l\u2019a\u00e9roport de Calvi pour les vols organis\u00e9s par Incantu\u2026 sauf si vous faites le choix de louer un v\u00e9hicule.<\/p>\n<p>Pour l\u2019organisation des plong\u00e9es, chaque club aura (pr\u00e9cisera) un r\u00e9f\u00e9rent \u00ab plong\u00e9e \u00bb afin de faciliter l\u2019organisation des palanqu\u00e9es \u2026 \u00e0 notre <strong>Titi<\/strong> (alias Thierry JALINAUD).<\/p>\n<p>Pour le reste, chaque club aura (pr\u00e9cisera) un correspondant \u00ab organisation \u00bb qui peut \u00eatre diff\u00e9rent du r\u00e9f\u00e9rent plong\u00e9e, bien \u00e9videmment. Cela permettra \u00e0 <strong>Patrick<\/strong> de faire l\u2019interface avec Incantu.<\/p>\n<p>Une grande nouveaut\u00e9 cette ann\u00e9e, un concours photo \u00ab terrestre \u00bb et \u00ab aquatique \u00bb en images projet\u00e9es (c\u2019est-\u00e0-dire les photos seront jug\u00e9es via une projection et non par un tirage papier). Des participants des clubs feront partie du jury\u2026 apr\u00e8s une petite formation. <strong>Denis<\/strong> vous expliquera tout cela.<br \/>\nLes jeux seront concoct\u00e9s par <strong>NOS<\/strong> corses (<strong>H\u00e9l\u00e8ne et Fran\u00e7ois<\/strong>).<br \/>\nEnfin une coupe Neptune organis\u00e9e par l\u2019ASCEA-GR ne peut se d\u00e9rouler sans un tee-shirt dont le dessin a \u00e9t\u00e9 con\u00e7u par <strong>Cathy<\/strong>. Vous ne serez pas d\u00e9\u00e7us\u2026 le logo est BEAU et corse (doublement beau, quoi !).<\/p>\n<p>Nous vous demandons de nous renvoyer avant les vacances de fin d\u2019ann\u00e9e, le fichier excel ci-joint (<a href=\"http:\/\/neptune.asceagr.fr\/wp-content\/uploads\/2014\/11\/fichier-inscription-neptune-2015.xlsx\" target=\"_blank\">fichier inscription neptune 2015<\/a>) par courriel \u00e0 l\u2019adresse ulmercatherine [at] orange [.] fr, en mettant en copie Patrick (patrick.mercier1 [at] wanadoo [.] fr) et notre grande argenti\u00e8re Christine (cchaussy [at] wanadoo [.] .fr).<\/p>\n<p>Le premier versement sera \u00e0 faire le 1<sup>er<\/sup> f\u00e9vrier 2015 par ch\u00e8que bancaire \u00e0 l\u2019ordre de l\u2019ASCEA-GR Sports sous-marins ou par virement bancaire. Dans ce dernier cas, vous indiquerez dans le message \u00ab\u00a0versement 1 Neptune + nom du club\u00a0\u00bb. Les coordonn\u00e9es bancaires du club ASCEA-GR Sports sous-marins sont les suivantes\u00a0:<\/p>\n<p>(demander RIB \u00e0 Catherine ou Christine, coordonn\u00e9es ci-dessous)<\/p>\n<p>Sont \u00e0 votre disposition pour tout renseignement compl\u00e9mentaire :<\/p>\n<ul>\n<li>Pour toutes les question d&rsquo;argent, Christine CHAUSSY, cchaussy [at] wanadoo [.] .fr, \u00a0[06] 30 76 70 93<\/li>\n<li>Pour la plong\u00e9e, Thierry JALINAUD (Titi), thierry.jalinaud [at] wanadoo [.] fr, [06] 87 50 95 98<\/li>\n<li>Pour les questions autres, Patrick MERCIER, patrick.mercier1 [at] wanadoo [.] fr, [06] 60 49 29 38 et Catherine ULMER ulmercatherine [at] orange [.] fr, [06] 42 58 03 19<\/li>\n<\/ul>\n<p>Inscription :\u00a0<a href=\"http:\/\/neptune.asceagr.fr\/wp-content\/uploads\/2014\/11\/fichier-inscription-neptune-2015.xlsx\" target=\"_blank\">fichier inscription neptune 2015<\/a>\u00a0 : Pour remplir ce fichier EXCEL (des commentaires ont \u00e9t\u00e9 plac\u00e9s en t\u00eate de colonne), vous indiquerez :<\/p>\n<p>Pour tous :<\/p>\n<ul>\n<li>Nom &amp; Pr\u00e9nom<\/li>\n<li>Sexe<\/li>\n<li>Age<\/li>\n<li>Club<\/li>\n<li>Qualit\u00e9 : Plongeur (PL) ou accompagnant majeur (Acc) ou accompagnant mineur (Enf). Si des participants sont accompagn\u00e9s d\u2019enfants mineurs, l\u2019indiquer clairement pour la composition des logements.<\/li>\n<li>Commentaires h\u00e9bergement : indiquer les couples, les personnes accompagn\u00e9es par des enfants. Les restrictions alimentaires peuvent aussi \u00eatre indiqu\u00e9es (allergie notamment) et\u2026 pour les virtuoses nocturnes dont les vocalises sont redout\u00e9es ou mal appr\u00e9ci\u00e9es par autrui, le souhait de prendre une \u00ab chambre pour personne seule \u00bb. Toutefois, cette possibilit\u00e9 sera assortie d\u2019un suppl\u00e9ment.<\/li>\n<li>Taille (pour le tee-shirt) : de S \u00e0 XXL. Pour les enfants, indiquer la taille en \u00e2ge (12 ans, \u2026)<\/li>\n<\/ul>\n<p>Pour les plongeurs :<\/p>\n<ul>\n<li>Niveau de plong\u00e9e : Niveau 1 \u00e0 4 (N1, N2, N3 ou N4) ou encadrant 2 \u00e0 4 (E2, E3 et E4).<\/li>\n<li>Nombre de plong\u00e9es \u00e0 l\u2019inscription<\/li>\n<li>Nitrox souhait\u00e9 (le surco\u00fbt est hors forfait).<\/li>\n<li>Photographe sous-marin : d\u00e9butant, averti ou confirm\u00e9<\/li>\n<li>Commentaires plong\u00e9e : permet d\u2019indiquer si certaines pr\u00e9cautions doivent \u00eatre prises (n\u2019a pas plong\u00e9 depuis longtemps, niveau 2 souhaitant \u00eatre toujours encadr\u00e9, limitation de plong\u00e9e, etc\u2026) Cette information int\u00e9resse Titi pour la composition de bateaux.<br \/>\nDe fa\u00e7on conservative, les niveaux 1 ayant peu d\u2019exp\u00e9rience plongeront avec un encadrant de leur club le premier jour, sauf indication contraire du club.<\/li>\n<\/ul>\n<p>&nbsp;<\/p>\n<p>&nbsp;<\/p>\n","protected":false},"excerpt":{"rendered":"<p>organis\u00e9e par l&rsquo;ASCEA\/GR Documents de r\u00e9f\u00e9rence : &#8211; Neptune 2015 Pr\u00e9sentation &#8211; fichier inscription neptune 2015 &#8211; la r\u00e9ponse aux questions que vous vous posez La coupe neptune 2015 (37\u00e8me \u00e9dition) se d\u00e9roulera \u00e0 Galeria en Corse du 20 au 27 septembre 2015 (du Dimanche au Dimanche), pr\u00e8s de Calvi, et au sein du centre [&hellip;]<\/p>\n","protected":false},"author":1,"featured_media":0,"parent":0,"menu_order":0,"comment_status":"closed","ping_status":"open","template":"","meta":{"jetpack_post_was_ever_published":false,"footnotes":""},"class_list":["post-72","page","type-page","status-publish","hentry"],"jetpack_sharing_enabled":false,"jetpack_shortlink":"https:\/\/wp.me\/P6R3MT-1a","jetpack-related-posts":[{"id":260,"url":"https:\/\/neptune.asceagr.fr\/?page_id=260","url_meta":{"origin":72,"position":0},"title":"L\u2019Edition 2016","author":"chris","date":"4 janvier 2016","format":false,"excerpt":"La 38\u00e8me coupe Neptune\u00a0est\u00a0organis\u00e9e par PIERRELATTE\u00a0du mercredi 21 au dimanche 25 septembre\u00a02016. Le lieu choisi est\u00a0Cala Montjoi (Espagne, dans la province de la Catalogne). Tous les d\u00e9tails dans le fichier suivant :\u00a0neptune 2016","rel":"","context":"Article similaire","block_context":{"text":"Article similaire","link":""},"img":{"alt_text":"","src":"","width":0,"height":0},"classes":[]},{"id":347,"url":"https:\/\/neptune.asceagr.fr\/?page_id=347","url_meta":{"origin":72,"position":1},"title":"L\u2019Edition 2022","author":"chris","date":"27 octobre 2021","format":false,"excerpt":"\u00a0 La COUPE NEPTUNE 2022, 43i\u00e8me \u00e9dition a \u00e9t\u00e9 organis\u00e9e par l'ASCEA\/GR Section Sports-Sous-Marins, avec l'aide de ses sponsors et des bonnes volont\u00e9s de la section. Dates : du 21 au 25 SEPTEMBRE 2022 Lieu : Boulouris D\u00e9but de l'\u00e9v\u00e8nement le Mercredi 21 Septembre au soir, buffet d\u2019accueil. D\u00e9part le\u2026","rel":"","context":"Article similaire","block_context":{"text":"Article similaire","link":""},"img":{"alt_text":"","src":"","width":0,"height":0},"classes":[]},{"id":39,"url":"https:\/\/neptune.asceagr.fr\/?page_id=39","url_meta":{"origin":72,"position":2},"title":"L&rsquo;Edition 2014","author":"chris","date":"4 septembre 2014","format":false,"excerpt":"\u00a0La coupe Neptune 2014 est organis\u00e9e pour cette ann\u00e9e 2014 par le CESTA du samedi 27 septembre au 1er octobre 2014. Lieu : dans le village vacances\u00a0LEO LAGRANGE de RAMATUELLE, pr\u00e8s de St Tropez Plong\u00e9es organis\u00e9es par le club Cap Camarat Plong\u00e9e . 7 plong\u00e9es pr\u00e9vues Outre les activit\u00e9s vari\u00e9es\u2026","rel":"","context":"Article similaire","block_context":{"text":"Article similaire","link":""},"img":{"alt_text":"(JPG)","src":"https:\/\/i0.wp.com\/plongee.asceagr.fr\/IMG\/jpg\/Image1.jpg?resize=350%2C200","width":350,"height":200},"classes":[]},{"id":325,"url":"https:\/\/neptune.asceagr.fr\/?page_id=325","url_meta":{"origin":72,"position":3},"title":"L\u2019Edition 2020","author":"chris","date":"22 janvier 2020","format":false,"excerpt":"Attention : en raison des divers confinements et autres difficult\u00e9s li\u00e9s \u00e0 la situation COVID, l'\u00e9dition 2020 \/ CESTA \u00e0 la Ciotat : report\u00e9e \u00e0 2021 l'\u00e9dition 2021 \/ CESTA : annul\u00e9e d\u00e9finitivement l'\u00e9dition 2022 : le CESTA renonce. l'ASCEA\/GR devient de fait le prochain organisateur de la coupe ----------------------------\u2026","rel":"","context":"Article similaire","block_context":{"text":"Article similaire","link":""},"img":{"alt_text":"","src":"","width":0,"height":0},"classes":[]},{"id":201,"url":"https:\/\/neptune.asceagr.fr\/?page_id=201","url_meta":{"origin":72,"position":4},"title":"News du jour","author":"chris","date":"17 septembre 2015","format":false,"excerpt":"L'emploi du temps de la rencontre\u00a0 Prochain rendez-vous : le dimanche 20 septembre\u00a0 18h : briefing encadrants & responsables de club 19h : pr\u00e9sentation de la rencontre 20h : repas 21h : le coin de photographes : \"Conseils pour r\u00e9ussir ses photos \" Cette page sera mise \u00e0 jour tous\u2026","rel":"","context":"Article similaire","block_context":{"text":"Article similaire","link":""},"img":{"alt_text":"","src":"","width":0,"height":0},"classes":[]},{"id":311,"url":"https:\/\/neptune.asceagr.fr\/?page_id=311","url_meta":{"origin":72,"position":5},"title":"L\u2019Edition 2019","author":"chris","date":"10 mars 2019","format":false,"excerpt":"C'est Grenoble qui organise l'\u00e9dition 2019 de la Coupe Neptune (41 \u00e8me \u00e9dition). La destination retenue\u00a0 est Cerb\u00e8re. Dates : 25 au 29 Septembre 2019 La plaquette de pr\u00e9sentation :\u00a0Plaquette Coupe Neptune 2019 Cerbere Le nombre de participants est limit\u00e9 \u00e0 100 plongeurs ce qui fait 16 places assur\u00e9es par\u2026","rel":"","context":"Article similaire","block_context":{"text":"Article similaire","link":""},"img":{"alt_text":"","src":"","width":0,"height":0},"classes":[]}],"_links":{"self":[{"href":"https:\/\/neptune.asceagr.fr\/index.php?rest_route=\/wp\/v2\/pages\/72","targetHints":{"allow":["GET"]}}],"collection":[{"href":"https:\/\/neptune.asceagr.fr\/index.php?rest_route=\/wp\/v2\/pages"}],"about":[{"href":"https:\/\/neptune.asceagr.fr\/index.php?rest_route=\/wp\/v2\/types\/page"}],"author":[{"embeddable":true,"href":"https:\/\/neptune.asceagr.fr\/index.php?rest_route=\/wp\/v2\/users\/1"}],"replies":[{"embeddable":true,"href":"https:\/\/neptune.asceagr.fr\/index.php?rest_route=%2Fwp%2Fv2%2Fcomments&post=72"}],"version-history":[{"count":21,"href":"https:\/\/neptune.asceagr.fr\/index.php?rest_route=\/wp\/v2\/pages\/72\/revisions"}],"predecessor-version":[{"id":267,"href":"https:\/\/neptune.asceagr.fr\/index.php?rest_route=\/wp\/v2\/pages\/72\/revisions\/267"}],"wp:attachment":[{"href":"https:\/\/neptune.asceagr.fr\/index.php?rest_route=%2Fwp%2Fv2%2Fmedia&parent=72"}],"curies":[{"name":"wp","href":"https:\/\/api.w.org\/{rel}","templated":true}]}}