{"id":577,"date":"2026-03-11T15:37:46","date_gmt":"2026-03-11T13:37:46","guid":{"rendered":"https:\/\/neptune.asceagr.fr\/?page_id=577"},"modified":"2026-03-11T15:41:45","modified_gmt":"2026-03-11T13:41:45","slug":"ledition-2026","status":"publish","type":"page","link":"https:\/\/neptune.asceagr.fr\/","title":{"rendered":"L&rsquo;Edition 2026"},"content":{"rendered":"<p>Pour 2026, c&rsquo;est Grenoble qui est en charge de l&rsquo;organisation. Le projet a \u00e9t\u00e9 pr\u00e9sent\u00e9 \u00e0 Lanzarote d\u00e9but Octobre 2025 lors de la coupe Neptune 2025.<\/p>\n<p>La prochaine coupe Neptune aura donc lieu \u00e0 Arzon en Bretagne Sud, du 23 au 27 Septembre 2026<\/p>\n<p>Pr\u00e9sentation PDF : <a href=\"https:\/\/neptune.asceagr.fr\/wp-content\/uploads\/2026\/03\/20260120-AG-presentation-47eme-COUPE-NEPTUNE-2026.pdf\">20260120 AG pr\u00e9sentation 47eme COUPE NEPTUNE 2026<\/a><\/p>\n<p><a href=\"https:\/\/i0.wp.com\/neptune.asceagr.fr\/wp-content\/uploads\/2026\/03\/arzon2026.jpg?ssl=1\"><img data-recalc-dims=\"1\" loading=\"lazy\" decoding=\"async\" data-attachment-id=\"583\" data-permalink=\"https:\/\/neptune.asceagr.fr\/?attachment_id=583\" data-orig-file=\"https:\/\/i0.wp.com\/neptune.asceagr.fr\/wp-content\/uploads\/2026\/03\/arzon2026.jpg?fit=1121%2C696&amp;ssl=1\" data-orig-size=\"1121,696\" data-comments-opened=\"0\" data-image-meta=\"{&quot;aperture&quot;:&quot;0&quot;,&quot;credit&quot;:&quot;&quot;,&quot;camera&quot;:&quot;&quot;,&quot;caption&quot;:&quot;&quot;,&quot;created_timestamp&quot;:&quot;0&quot;,&quot;copyright&quot;:&quot;&quot;,&quot;focal_length&quot;:&quot;0&quot;,&quot;iso&quot;:&quot;0&quot;,&quot;shutter_speed&quot;:&quot;0&quot;,&quot;title&quot;:&quot;&quot;,&quot;orientation&quot;:&quot;0&quot;}\" data-image-title=\"arzon2026\" data-image-description=\"\" data-image-caption=\"\" data-large-file=\"https:\/\/i0.wp.com\/neptune.asceagr.fr\/wp-content\/uploads\/2026\/03\/arzon2026.jpg?fit=640%2C398&amp;ssl=1\" class=\"alignnone  wp-image-583\" src=\"https:\/\/i0.wp.com\/neptune.asceagr.fr\/wp-content\/uploads\/2026\/03\/arzon2026.jpg?resize=640%2C397&#038;ssl=1\" alt=\"\" width=\"640\" height=\"397\" srcset=\"https:\/\/i0.wp.com\/neptune.asceagr.fr\/wp-content\/uploads\/2026\/03\/arzon2026.jpg?w=1121&amp;ssl=1 1121w, https:\/\/i0.wp.com\/neptune.asceagr.fr\/wp-content\/uploads\/2026\/03\/arzon2026.jpg?resize=300%2C186&amp;ssl=1 300w, https:\/\/i0.wp.com\/neptune.asceagr.fr\/wp-content\/uploads\/2026\/03\/arzon2026.jpg?resize=1024%2C636&amp;ssl=1 1024w, https:\/\/i0.wp.com\/neptune.asceagr.fr\/wp-content\/uploads\/2026\/03\/arzon2026.jpg?resize=768%2C477&amp;ssl=1 768w\" sizes=\"auto, (max-width: 640px) 100vw, 640px\" \/><\/a><\/p>\n<p>&nbsp;<\/p>\n<p>&nbsp;<\/p>\n","protected":false},"excerpt":{"rendered":"<p>Pour 2026, c&rsquo;est Grenoble qui est en charge de l&rsquo;organisation. Le projet a \u00e9t\u00e9 pr\u00e9sent\u00e9 \u00e0 Lanzarote d\u00e9but Octobre 2025 lors de la coupe Neptune 2025. La prochaine coupe Neptune aura donc lieu \u00e0 Arzon en Bretagne Sud, du 23 au 27 Septembre 2026 Pr\u00e9sentation PDF : 20260120 AG pr\u00e9sentation 47eme COUPE NEPTUNE 2026 &nbsp; [&hellip;]<\/p>\n","protected":false},"author":1,"featured_media":0,"parent":0,"menu_order":0,"comment_status":"closed","ping_status":"closed","template":"","meta":{"jetpack_post_was_ever_published":false,"footnotes":""},"class_list":["post-577","page","type-page","status-publish","hentry"],"jetpack_sharing_enabled":true,"jetpack_shortlink":"https:\/\/wp.me\/P6R3MT-9j","jetpack-related-posts":[{"id":164,"url":"https:\/\/neptune.asceagr.fr\/?page_id=164","url_meta":{"origin":577,"position":0},"title":"Plaquette de la Coupe Neptune 2015","author":"chris","date":"19 mars 2015","format":false,"excerpt":"La plaquette de \u00a0pr\u00e9sentation de la Coupe Neptune 2015 est ici :\u00a0\u00a0Plaquette_Neptune_2015","rel":"","context":"Article similaire","block_context":{"text":"Article similaire","link":""},"img":{"alt_text":"","src":"","width":0,"height":0},"classes":[]},{"id":177,"url":"https:\/\/neptune.asceagr.fr\/?page_id=177","url_meta":{"origin":577,"position":1},"title":"Les derni\u00e8res news avant la coupe Neptune 2015","author":"chris","date":"12 septembre 2015","format":false,"excerpt":"le m\u00e9mo informel du 28 ao\u00fbt la suite n\u00b01 du m\u00e9mo informel la suite n\u00b02 du m\u00e9mo informel le concours photo","rel":"","context":"Article similaire","block_context":{"text":"Article similaire","link":""},"img":{"alt_text":"","src":"","width":0,"height":0},"classes":[]},{"id":520,"url":"https:\/\/neptune.asceagr.fr\/?page_id=520","url_meta":{"origin":577,"position":2},"title":"L&rsquo;Edition 2023","author":"chris","date":"17 janvier 2023","format":false,"excerpt":"L'Edition 2023 de la coupe Neptune est organis\u00e9e par Pierrelatte Dates :\u00a028,29,30 septembre et 1 octobre 2023, Arriv\u00e9e le mercredi soir 27 septembre Lieu : Estartit sur la Costa Brava en Catalogne (Espagne) sur la c\u00f4te m\u00e9diterran\u00e9enne H\u00e9bergement : H\u00f4tel M\u00e8des II Club de plong\u00e9e : Unisub Pr\u00e9sentation de la\u2026","rel":"","context":"Article similaire","block_context":{"text":"Article similaire","link":""},"img":{"alt_text":"","src":"","width":0,"height":0},"classes":[]},{"id":534,"url":"https:\/\/neptune.asceagr.fr\/?page_id=534","url_meta":{"origin":577,"position":3},"title":"L&rsquo;Edition 2024","author":"chris","date":"20 novembre 2023","format":false,"excerpt":"L'Edition 2024 de la coupe Neptune est organis\u00e9e par Saclay (45eme Edition) Dates : du Jeudi 3 Octobre (Soir) au Lundi 7 Octobre 2024. Les \u00e9preuves auront lieu les 4\/5\/6\/7 Octobre (arriv\u00e9e dans l\u2019apr\u00e8s-midi du jeudi 3 et d\u00e9part dans l\u2019apr\u00e8s-midi du lundi 7) Lieu : Ile de Porquerolles (M\u00e9diterran\u00e9e,\u2026","rel":"","context":"Article similaire","block_context":{"text":"Article similaire","link":""},"img":{"alt_text":"","src":"https:\/\/i0.wp.com\/neptune.asceagr.fr\/wp-content\/uploads\/2024\/03\/cn2024.jpg?resize=350%2C200&ssl=1","width":350,"height":200,"srcset":"https:\/\/i0.wp.com\/neptune.asceagr.fr\/wp-content\/uploads\/2024\/03\/cn2024.jpg?resize=350%2C200&ssl=1 1x, https:\/\/i0.wp.com\/neptune.asceagr.fr\/wp-content\/uploads\/2024\/03\/cn2024.jpg?resize=525%2C300&ssl=1 1.5x"},"classes":[]},{"id":279,"url":"https:\/\/neptune.asceagr.fr\/?page_id=279","url_meta":{"origin":577,"position":4},"title":"L&rsquo;Edition 2017","author":"chris","date":"3 mars 2017","format":false,"excerpt":"La 39\u00e8me coupe Neptune\u00a0est\u00a0organis\u00e9e par SACLAY du mercredi 4 au dimanche 8 Octobre 2017. Le lieu choisi est l'Ile de Porquerolles. Tous les d\u00e9tails dans les fichiers suivants : la plaquette :\u00a0plaquette_NEPTUNE_2017 la pr\u00e9sentation :\u00a0presentation_Neptune2017","rel":"","context":"Article similaire","block_context":{"text":"Article similaire","link":""},"img":{"alt_text":"","src":"","width":0,"height":0},"classes":[]},{"id":311,"url":"https:\/\/neptune.asceagr.fr\/?page_id=311","url_meta":{"origin":577,"position":5},"title":"L\u2019Edition 2019","author":"chris","date":"10 mars 2019","format":false,"excerpt":"C'est Grenoble qui organise l'\u00e9dition 2019 de la Coupe Neptune (41 \u00e8me \u00e9dition). La destination retenue\u00a0 est Cerb\u00e8re. Dates : 25 au 29 Septembre 2019 La plaquette de pr\u00e9sentation :\u00a0Plaquette Coupe Neptune 2019 Cerbere Le nombre de participants est limit\u00e9 \u00e0 100 plongeurs ce qui fait 16 places assur\u00e9es par\u2026","rel":"","context":"Article similaire","block_context":{"text":"Article similaire","link":""},"img":{"alt_text":"","src":"","width":0,"height":0},"classes":[]}],"_links":{"self":[{"href":"https:\/\/neptune.asceagr.fr\/index.php?rest_route=\/wp\/v2\/pages\/577","targetHints":{"allow":["GET"]}}],"collection":[{"href":"https:\/\/neptune.asceagr.fr\/index.php?rest_route=\/wp\/v2\/pages"}],"about":[{"href":"https:\/\/neptune.asceagr.fr\/index.php?rest_route=\/wp\/v2\/types\/page"}],"author":[{"embeddable":true,"href":"https:\/\/neptune.asceagr.fr\/index.php?rest_route=\/wp\/v2\/users\/1"}],"replies":[{"embeddable":true,"href":"https:\/\/neptune.asceagr.fr\/index.php?rest_route=%2Fwp%2Fv2%2Fcomments&post=577"}],"version-history":[{"count":2,"href":"https:\/\/neptune.asceagr.fr\/index.php?rest_route=\/wp\/v2\/pages\/577\/revisions"}],"predecessor-version":[{"id":584,"href":"https:\/\/neptune.asceagr.fr\/index.php?rest_route=\/wp\/v2\/pages\/577\/revisions\/584"}],"wp:attachment":[{"href":"https:\/\/neptune.asceagr.fr\/index.php?rest_route=%2Fwp%2Fv2%2Fmedia&parent=577"}],"curies":[{"name":"wp","href":"https:\/\/api.w.org\/{rel}","templated":true}]}}