{"id":559,"date":"2024-10-07T10:46:18","date_gmt":"2024-10-07T08:46:18","guid":{"rendered":"https:\/\/neptune.asceagr.fr\/?page_id=559"},"modified":"2024-10-07T10:58:17","modified_gmt":"2024-10-07T08:58:17","slug":"ledition-2025","status":"publish","type":"page","link":"https:\/\/neptune.asceagr.fr\/?page_id=559","title":{"rendered":"L&rsquo;Edition 2025"},"content":{"rendered":"<p>Pour 2025, c&rsquo;est Cadarache qui est en charge de l&rsquo;organisation. Le projet a \u00e9t\u00e9 pr\u00e9sent\u00e9 \u00e0 Porquerolles le 06 Octobre 2024 lors de la coupe Neptune 2024.<\/p>\n<p>Pr\u00e9sentation PDF :\u00a0<a href=\"https:\/\/neptune.asceagr.fr\/wp-content\/uploads\/2024\/10\/2025-Presentation-NEPTUNE-CADARACHE-06-octobre-2024.pdf\">2025 Pr\u00e9sentation NEPTUNE CADARACHE 06 octobre 2024<\/a><\/p>\n<p>La proposition est un s\u00e9jour d&rsquo;1 semaine sur l&rsquo;\u00eele de Lanzarote, dans les Canaries.<\/p>\n<ul>\n<li>Dates : du 27 Septembre au 04 Octobre 2025<\/li>\n<li>H\u00e9bergement \u00e0 l\u2019h\u00f4tel Sandos Papagayo, Pension compl\u00e8te<\/li>\n<li>10 plong\u00e9es au Rubicon Diving Center \u00e0 PLAYA BLANCA<\/li>\n<li>10 plong\u00e9es sur 5 jours \u2013 1 jour de repos en fin de s\u00e9jour, Nitrox avec suppl\u00e9ment<\/li>\n<li>Tarifs,\u00a0vols inclus de Marseille, Lyon, Bordeaux ou Paris\n<ul>\n<li>plongeurs : 1591\u20ac<\/li>\n<li>non plongeurs : 1191\u20ac<\/li>\n<li>Paiement en plusieurs fois sur site internet SUBOCEA<\/li>\n<li>1er acompte de 30% pour d\u00e9but novembre 2024<\/li>\n<\/ul>\n<\/li>\n<li>Pr\u00e9inscriptions le plus rapidement possible, via le bureau de l&rsquo;ASCEA\/GR Section Sports sous-marins<\/li>\n<\/ul>\n<p><a href=\"https:\/\/i0.wp.com\/neptune.asceagr.fr\/wp-content\/uploads\/2024\/10\/ed-2025-lanzarotte.jpg?ssl=1\"><img data-recalc-dims=\"1\" loading=\"lazy\" decoding=\"async\" data-attachment-id=\"565\" data-permalink=\"https:\/\/neptune.asceagr.fr\/?attachment_id=565\" data-orig-file=\"https:\/\/i0.wp.com\/neptune.asceagr.fr\/wp-content\/uploads\/2024\/10\/ed-2025-lanzarotte.jpg?fit=958%2C720&amp;ssl=1\" data-orig-size=\"958,720\" data-comments-opened=\"0\" data-image-meta=\"{&quot;aperture&quot;:&quot;0&quot;,&quot;credit&quot;:&quot;&quot;,&quot;camera&quot;:&quot;&quot;,&quot;caption&quot;:&quot;&quot;,&quot;created_timestamp&quot;:&quot;0&quot;,&quot;copyright&quot;:&quot;&quot;,&quot;focal_length&quot;:&quot;0&quot;,&quot;iso&quot;:&quot;0&quot;,&quot;shutter_speed&quot;:&quot;0&quot;,&quot;title&quot;:&quot;&quot;,&quot;orientation&quot;:&quot;0&quot;}\" data-image-title=\"ed 2025 lanzarotte\" data-image-description=\"\" data-image-caption=\"\" data-large-file=\"https:\/\/i0.wp.com\/neptune.asceagr.fr\/wp-content\/uploads\/2024\/10\/ed-2025-lanzarotte.jpg?fit=640%2C481&amp;ssl=1\" class=\"alignnone size-full wp-image-565\" src=\"https:\/\/i0.wp.com\/neptune.asceagr.fr\/wp-content\/uploads\/2024\/10\/ed-2025-lanzarotte.jpg?resize=640%2C481&#038;ssl=1\" alt=\"\" width=\"640\" height=\"481\" srcset=\"https:\/\/i0.wp.com\/neptune.asceagr.fr\/wp-content\/uploads\/2024\/10\/ed-2025-lanzarotte.jpg?w=958&amp;ssl=1 958w, https:\/\/i0.wp.com\/neptune.asceagr.fr\/wp-content\/uploads\/2024\/10\/ed-2025-lanzarotte.jpg?resize=300%2C225&amp;ssl=1 300w, https:\/\/i0.wp.com\/neptune.asceagr.fr\/wp-content\/uploads\/2024\/10\/ed-2025-lanzarotte.jpg?resize=768%2C577&amp;ssl=1 768w\" sizes=\"auto, (max-width: 640px) 100vw, 640px\" \/><\/a><\/p>\n","protected":false},"excerpt":{"rendered":"<p>Pour 2025, c&rsquo;est Cadarache qui est en charge de l&rsquo;organisation. Le projet a \u00e9t\u00e9 pr\u00e9sent\u00e9 \u00e0 Porquerolles le 06 Octobre 2024 lors de la coupe Neptune 2024. Pr\u00e9sentation PDF :\u00a02025 Pr\u00e9sentation NEPTUNE CADARACHE 06 octobre 2024 La proposition est un s\u00e9jour d&rsquo;1 semaine sur l&rsquo;\u00eele de Lanzarote, dans les Canaries. Dates : du 27 Septembre [&hellip;]<\/p>\n","protected":false},"author":1,"featured_media":0,"parent":0,"menu_order":0,"comment_status":"closed","ping_status":"closed","template":"","meta":{"jetpack_post_was_ever_published":false,"footnotes":""},"class_list":["post-559","page","type-page","status-publish","hentry"],"jetpack_sharing_enabled":true,"jetpack_shortlink":"https:\/\/wp.me\/P6R3MT-91","jetpack-related-posts":[{"id":292,"url":"https:\/\/neptune.asceagr.fr\/?page_id=292","url_meta":{"origin":559,"position":0},"title":"L&rsquo;Edition 2018","author":"chris","date":"30 novembre 2017","format":false,"excerpt":"La COUPE NEPTUNE 2018 se d\u00e9roulera du 03 au 10 novembre et est organis\u00e9e par le club de CADARACHE. La destination, exotique et lointaine, nous am\u00e8nera \u00e0 la MARTINIQUE, au club Pierre et Vacances de Sainte-Luce. la plaquette : 40eme Coupe NEPTUNE 2018 Dix plong\u00e9es sont pr\u00e9vues au programme. Le\u2026","rel":"","context":"Article similaire","block_context":{"text":"Article similaire","link":""},"img":{"alt_text":"","src":"","width":0,"height":0},"classes":[]},{"id":72,"url":"https:\/\/neptune.asceagr.fr\/?page_id=72","url_meta":{"origin":559,"position":1},"title":"L&rsquo;Edition 2015, du 20 au 27 Septembre","author":"chris","date":"23 novembre 2014","format":false,"excerpt":"organis\u00e9e par l'ASCEA\/GR Documents de r\u00e9f\u00e9rence : - Neptune 2015 Pr\u00e9sentation - fichier inscription neptune 2015 - la r\u00e9ponse aux questions que vous vous posez La coupe neptune 2015 (37\u00e8me \u00e9dition) se d\u00e9roulera \u00e0 Galeria en Corse du 20 au 27 septembre 2015 (du Dimanche au Dimanche), pr\u00e8s de Calvi,\u2026","rel":"","context":"Article similaire","block_context":{"text":"Article similaire","link":""},"img":{"alt_text":"Maquette","src":"https:\/\/i0.wp.com\/neptune.asceagr.fr\/wp-content\/uploads\/2014\/09\/Maquette-150x150.jpg?resize=350%2C200","width":350,"height":200},"classes":[]},{"id":347,"url":"https:\/\/neptune.asceagr.fr\/?page_id=347","url_meta":{"origin":559,"position":2},"title":"L\u2019Edition 2022","author":"chris","date":"27 octobre 2021","format":false,"excerpt":"\u00a0 La COUPE NEPTUNE 2022, 43i\u00e8me \u00e9dition a \u00e9t\u00e9 organis\u00e9e par l'ASCEA\/GR Section Sports-Sous-Marins, avec l'aide de ses sponsors et des bonnes volont\u00e9s de la section. Dates : du 21 au 25 SEPTEMBRE 2022 Lieu : Boulouris D\u00e9but de l'\u00e9v\u00e8nement le Mercredi 21 Septembre au soir, buffet d\u2019accueil. D\u00e9part le\u2026","rel":"","context":"Article similaire","block_context":{"text":"Article similaire","link":""},"img":{"alt_text":"","src":"","width":0,"height":0},"classes":[]},{"id":128,"url":"https:\/\/neptune.asceagr.fr\/?page_id=128","url_meta":{"origin":559,"position":3},"title":"C\u2019est Quoi  ?","author":"chris","date":"27 novembre 2014","format":false,"excerpt":"- Une Rencontre de plong\u00e9e sous-marine inter-centres des A.S. CEA & Areva - Qui regroupe g\u00e9n\u00e9ralement autour de 100\/120 Participants dont pr\u00e8s d'une centaine de plongeurs - Qui se passe chaque ann\u00e9e en septembre - Qui est organis\u00e9e \u00e0 tour de r\u00f4le par les centres participants - Dans un lieu\u2026","rel":"","context":"Article similaire","block_context":{"text":"Article similaire","link":""},"img":{"alt_text":"","src":"","width":0,"height":0},"classes":[]},{"id":142,"url":"https:\/\/neptune.asceagr.fr\/?page_id=142","url_meta":{"origin":559,"position":4},"title":"Coupe Neptune 2015, la r\u00e9ponse aux Questions","author":"chris","date":"12 janvier 2015","format":false,"excerpt":"Dates du S\u00e9jour : les s\u00e9jours \u00e0 Incantu en 2015 se font du dimanche au dimanche, les dates de la coupe Neptune, sont d\u00e9sormais du 20 au 27 septembre 2015 R\u00e8glement\u00a0des pr\u00e9-inscription : Les pr\u00e9-inscriptions sont faites aupr\u00e8s de tous les clubs. Il s\u2019agit maintenant de concr\u00e9tiser ton intention, et\u2026","rel":"","context":"Article similaire","block_context":{"text":"Article similaire","link":""},"img":{"alt_text":"","src":"","width":0,"height":0},"classes":[]},{"id":39,"url":"https:\/\/neptune.asceagr.fr\/?page_id=39","url_meta":{"origin":559,"position":5},"title":"L&rsquo;Edition 2014","author":"chris","date":"4 septembre 2014","format":false,"excerpt":"\u00a0La coupe Neptune 2014 est organis\u00e9e pour cette ann\u00e9e 2014 par le CESTA du samedi 27 septembre au 1er octobre 2014. Lieu : dans le village vacances\u00a0LEO LAGRANGE de RAMATUELLE, pr\u00e8s de St Tropez Plong\u00e9es organis\u00e9es par le club Cap Camarat Plong\u00e9e . 7 plong\u00e9es pr\u00e9vues Outre les activit\u00e9s vari\u00e9es\u2026","rel":"","context":"Article similaire","block_context":{"text":"Article similaire","link":""},"img":{"alt_text":"(JPG)","src":"https:\/\/i0.wp.com\/plongee.asceagr.fr\/IMG\/jpg\/Image1.jpg?resize=350%2C200","width":350,"height":200},"classes":[]}],"_links":{"self":[{"href":"https:\/\/neptune.asceagr.fr\/index.php?rest_route=\/wp\/v2\/pages\/559","targetHints":{"allow":["GET"]}}],"collection":[{"href":"https:\/\/neptune.asceagr.fr\/index.php?rest_route=\/wp\/v2\/pages"}],"about":[{"href":"https:\/\/neptune.asceagr.fr\/index.php?rest_route=\/wp\/v2\/types\/page"}],"author":[{"embeddable":true,"href":"https:\/\/neptune.asceagr.fr\/index.php?rest_route=\/wp\/v2\/users\/1"}],"replies":[{"embeddable":true,"href":"https:\/\/neptune.asceagr.fr\/index.php?rest_route=%2Fwp%2Fv2%2Fcomments&post=559"}],"version-history":[{"count":3,"href":"https:\/\/neptune.asceagr.fr\/index.php?rest_route=\/wp\/v2\/pages\/559\/revisions"}],"predecessor-version":[{"id":567,"href":"https:\/\/neptune.asceagr.fr\/index.php?rest_route=\/wp\/v2\/pages\/559\/revisions\/567"}],"wp:attachment":[{"href":"https:\/\/neptune.asceagr.fr\/index.php?rest_route=%2Fwp%2Fv2%2Fmedia&parent=559"}],"curies":[{"name":"wp","href":"https:\/\/api.w.org\/{rel}","templated":true}]}}