{"id":534,"date":"2023-11-20T11:05:18","date_gmt":"2023-11-20T09:05:18","guid":{"rendered":"https:\/\/neptune.asceagr.fr\/?page_id=534"},"modified":"2024-03-04T10:39:43","modified_gmt":"2024-03-04T08:39:43","slug":"ledition-2024","status":"publish","type":"page","link":"https:\/\/neptune.asceagr.fr\/?page_id=534","title":{"rendered":"L&rsquo;Edition 2024"},"content":{"rendered":"<p><a href=\"https:\/\/i0.wp.com\/neptune.asceagr.fr\/wp-content\/uploads\/2024\/03\/cn2024.jpg?ssl=1\"><img data-recalc-dims=\"1\" loading=\"lazy\" decoding=\"async\" data-attachment-id=\"548\" data-permalink=\"https:\/\/neptune.asceagr.fr\/?attachment_id=548\" data-orig-file=\"https:\/\/i0.wp.com\/neptune.asceagr.fr\/wp-content\/uploads\/2024\/03\/cn2024.jpg?fit=640%2C437&amp;ssl=1\" data-orig-size=\"640,437\" data-comments-opened=\"0\" data-image-meta=\"{&quot;aperture&quot;:&quot;0&quot;,&quot;credit&quot;:&quot;&quot;,&quot;camera&quot;:&quot;&quot;,&quot;caption&quot;:&quot;&quot;,&quot;created_timestamp&quot;:&quot;0&quot;,&quot;copyright&quot;:&quot;&quot;,&quot;focal_length&quot;:&quot;0&quot;,&quot;iso&quot;:&quot;0&quot;,&quot;shutter_speed&quot;:&quot;0&quot;,&quot;title&quot;:&quot;&quot;,&quot;orientation&quot;:&quot;0&quot;}\" data-image-title=\"cn2024\" data-image-description=\"\" data-image-caption=\"\" data-large-file=\"https:\/\/i0.wp.com\/neptune.asceagr.fr\/wp-content\/uploads\/2024\/03\/cn2024.jpg?fit=640%2C437&amp;ssl=1\" class=\"alignnone size-full wp-image-548\" src=\"https:\/\/i0.wp.com\/neptune.asceagr.fr\/wp-content\/uploads\/2024\/03\/cn2024.jpg?resize=640%2C437&#038;ssl=1\" alt=\"\" width=\"640\" height=\"437\" srcset=\"https:\/\/i0.wp.com\/neptune.asceagr.fr\/wp-content\/uploads\/2024\/03\/cn2024.jpg?w=640&amp;ssl=1 640w, https:\/\/i0.wp.com\/neptune.asceagr.fr\/wp-content\/uploads\/2024\/03\/cn2024.jpg?resize=300%2C205&amp;ssl=1 300w\" sizes=\"auto, (max-width: 640px) 100vw, 640px\" \/><\/a><\/p>\n<p>L&rsquo;Edition 2024 de la coupe Neptune est organis\u00e9e par Saclay (45eme Edition)<\/p>\n<p>Dates : du Jeudi 3 Octobre (Soir) au Lundi 7 Octobre 2024. Les \u00e9preuves auront lieu les 4\/5\/6\/7 Octobre<\/p>\n<p>(arriv\u00e9e dans l\u2019apr\u00e8s-midi du jeudi 3 et d\u00e9part dans l\u2019apr\u00e8s-midi du lundi 7)<\/p>\n<p>Lieu : Ile de Porquerolles (M\u00e9diterran\u00e9e, au sud de Hy\u00e8res, La Londe les Maures)<\/p>\n<p>H\u00e9bergement : centre de Vacances de l\u2019IGESA<\/p>\n<p>Club de plong\u00e9e : centre de Plong\u00e9e ILEO<\/p>\n<p>Pr\u00e9sentation de la sortie :<\/p>\n<ul>\n<li><a href=\"\/wp-content\/uploads\/2024\/03\/45eme-Coupe-Neptune_2024-nettoye.pdf\" target=\"_blank\" rel=\"noopener\">Fiche d&rsquo;information<\/a><\/li>\n<li><a href=\"\/wp-content\/uploads\/2024\/03\/PlaquetteDecouverte_NEPTUNE-2024-V2-nettoye.pdf\" target=\"_blank\" rel=\"noopener\">Plaquette de pr\u00e9sentation<\/a><\/li>\n<\/ul>\n<p>Dossier d&rsquo;inscription : Inscrivez vous \u00e0 partir des informations du mail de Corinne du 03\/03\/2024 intitul\u00e9 :<\/p>\n<p>\u00ab\u00a0<em>[ascea\/gr] Inscription \u00e0 la 45\u00e8me Coupe Neptune organis\u00e9e par l&rsquo;ASCEA Saclay &#8211; Du 03 au 07 octobre 2024<\/em>\u00a0\u00bb<\/p>\n<p>&nbsp;<\/p>\n","protected":false},"excerpt":{"rendered":"<p>L&rsquo;Edition 2024 de la coupe Neptune est organis\u00e9e par Saclay (45eme Edition) Dates : du Jeudi 3 Octobre (Soir) au Lundi 7 Octobre 2024. Les \u00e9preuves auront lieu les 4\/5\/6\/7 Octobre (arriv\u00e9e dans l\u2019apr\u00e8s-midi du jeudi 3 et d\u00e9part dans l\u2019apr\u00e8s-midi du lundi 7) Lieu : Ile de Porquerolles (M\u00e9diterran\u00e9e, au sud de Hy\u00e8res, La [&hellip;]<\/p>\n","protected":false},"author":1,"featured_media":0,"parent":0,"menu_order":0,"comment_status":"closed","ping_status":"closed","template":"","meta":{"jetpack_post_was_ever_published":false,"footnotes":""},"class_list":["post-534","page","type-page","status-publish","hentry"],"jetpack_sharing_enabled":true,"jetpack_shortlink":"https:\/\/wp.me\/P6R3MT-8C","jetpack-related-posts":[{"id":39,"url":"https:\/\/neptune.asceagr.fr\/?page_id=39","url_meta":{"origin":534,"position":0},"title":"L&rsquo;Edition 2014","author":"chris","date":"4 septembre 2014","format":false,"excerpt":"\u00a0La coupe Neptune 2014 est organis\u00e9e pour cette ann\u00e9e 2014 par le CESTA du samedi 27 septembre au 1er octobre 2014. Lieu : dans le village vacances\u00a0LEO LAGRANGE de RAMATUELLE, pr\u00e8s de St Tropez Plong\u00e9es organis\u00e9es par le club Cap Camarat Plong\u00e9e . 7 plong\u00e9es pr\u00e9vues Outre les activit\u00e9s vari\u00e9es\u2026","rel":"","context":"Article similaire","block_context":{"text":"Article similaire","link":""},"img":{"alt_text":"(JPG)","src":"https:\/\/i0.wp.com\/plongee.asceagr.fr\/IMG\/jpg\/Image1.jpg?resize=350%2C200","width":350,"height":200},"classes":[]},{"id":347,"url":"https:\/\/neptune.asceagr.fr\/?page_id=347","url_meta":{"origin":534,"position":1},"title":"L\u2019Edition 2022","author":"chris","date":"27 octobre 2021","format":false,"excerpt":"\u00a0 La COUPE NEPTUNE 2022, 43i\u00e8me \u00e9dition a \u00e9t\u00e9 organis\u00e9e par l'ASCEA\/GR Section Sports-Sous-Marins, avec l'aide de ses sponsors et des bonnes volont\u00e9s de la section. Dates : du 21 au 25 SEPTEMBRE 2022 Lieu : Boulouris D\u00e9but de l'\u00e9v\u00e8nement le Mercredi 21 Septembre au soir, buffet d\u2019accueil. D\u00e9part le\u2026","rel":"","context":"Article similaire","block_context":{"text":"Article similaire","link":""},"img":{"alt_text":"","src":"","width":0,"height":0},"classes":[]},{"id":279,"url":"https:\/\/neptune.asceagr.fr\/?page_id=279","url_meta":{"origin":534,"position":2},"title":"L&rsquo;Edition 2017","author":"chris","date":"3 mars 2017","format":false,"excerpt":"La 39\u00e8me coupe Neptune\u00a0est\u00a0organis\u00e9e par SACLAY du mercredi 4 au dimanche 8 Octobre 2017. Le lieu choisi est l'Ile de Porquerolles. Tous les d\u00e9tails dans les fichiers suivants : la plaquette :\u00a0plaquette_NEPTUNE_2017 la pr\u00e9sentation :\u00a0presentation_Neptune2017","rel":"","context":"Article similaire","block_context":{"text":"Article similaire","link":""},"img":{"alt_text":"","src":"","width":0,"height":0},"classes":[]},{"id":520,"url":"https:\/\/neptune.asceagr.fr\/?page_id=520","url_meta":{"origin":534,"position":3},"title":"L&rsquo;Edition 2023","author":"chris","date":"17 janvier 2023","format":false,"excerpt":"L'Edition 2023 de la coupe Neptune est organis\u00e9e par Pierrelatte Dates :\u00a028,29,30 septembre et 1 octobre 2023, Arriv\u00e9e le mercredi soir 27 septembre Lieu : Estartit sur la Costa Brava en Catalogne (Espagne) sur la c\u00f4te m\u00e9diterran\u00e9enne H\u00e9bergement : H\u00f4tel M\u00e8des II Club de plong\u00e9e : Unisub Pr\u00e9sentation de la\u2026","rel":"","context":"Article similaire","block_context":{"text":"Article similaire","link":""},"img":{"alt_text":"","src":"","width":0,"height":0},"classes":[]},{"id":559,"url":"https:\/\/neptune.asceagr.fr\/?page_id=559","url_meta":{"origin":534,"position":4},"title":"L&rsquo;Edition 2025","author":"chris","date":"7 octobre 2024","format":false,"excerpt":"Pour 2025, c'est Cadarache qui est en charge de l'organisation. Le projet a \u00e9t\u00e9 pr\u00e9sent\u00e9 \u00e0 Porquerolles le 06 Octobre 2024 lors de la coupe Neptune 2024. Pr\u00e9sentation PDF :\u00a02025 Pr\u00e9sentation NEPTUNE CADARACHE 06 octobre 2024 La proposition est un s\u00e9jour d'1 semaine sur l'\u00eele de Lanzarote, dans les Canaries.\u2026","rel":"","context":"Article similaire","block_context":{"text":"Article similaire","link":""},"img":{"alt_text":"","src":"https:\/\/i0.wp.com\/neptune.asceagr.fr\/wp-content\/uploads\/2024\/10\/ed-2025-lanzarotte.jpg?resize=350%2C200&ssl=1","width":350,"height":200,"srcset":"https:\/\/i0.wp.com\/neptune.asceagr.fr\/wp-content\/uploads\/2024\/10\/ed-2025-lanzarotte.jpg?resize=350%2C200&ssl=1 1x, https:\/\/i0.wp.com\/neptune.asceagr.fr\/wp-content\/uploads\/2024\/10\/ed-2025-lanzarotte.jpg?resize=525%2C300&ssl=1 1.5x, https:\/\/i0.wp.com\/neptune.asceagr.fr\/wp-content\/uploads\/2024\/10\/ed-2025-lanzarotte.jpg?resize=700%2C400&ssl=1 2x"},"classes":[]},{"id":577,"url":"https:\/\/neptune.asceagr.fr\/","url_meta":{"origin":534,"position":5},"title":"L&rsquo;Edition 2026","author":"chris","date":"11 mars 2026","format":false,"excerpt":"Pour 2026, c'est Grenoble qui est en charge de l'organisation. Le projet a \u00e9t\u00e9 pr\u00e9sent\u00e9 \u00e0 Lanzarote d\u00e9but Octobre 2025 lors de la coupe Neptune 2025. La prochaine coupe Neptune aura donc lieu \u00e0 Arzon en Bretagne Sud, du 23 au 27 Septembre 2026 Pr\u00e9sentation PDF : 20260120 AG pr\u00e9sentation\u2026","rel":"","context":"Article similaire","block_context":{"text":"Article similaire","link":""},"img":{"alt_text":"","src":"https:\/\/i0.wp.com\/neptune.asceagr.fr\/wp-content\/uploads\/2026\/03\/arzon2026.jpg?resize=350%2C200&ssl=1","width":350,"height":200,"srcset":"https:\/\/i0.wp.com\/neptune.asceagr.fr\/wp-content\/uploads\/2026\/03\/arzon2026.jpg?resize=350%2C200&ssl=1 1x, https:\/\/i0.wp.com\/neptune.asceagr.fr\/wp-content\/uploads\/2026\/03\/arzon2026.jpg?resize=525%2C300&ssl=1 1.5x, https:\/\/i0.wp.com\/neptune.asceagr.fr\/wp-content\/uploads\/2026\/03\/arzon2026.jpg?resize=700%2C400&ssl=1 2x, https:\/\/i0.wp.com\/neptune.asceagr.fr\/wp-content\/uploads\/2026\/03\/arzon2026.jpg?resize=1050%2C600&ssl=1 3x"},"classes":[]}],"_links":{"self":[{"href":"https:\/\/neptune.asceagr.fr\/index.php?rest_route=\/wp\/v2\/pages\/534","targetHints":{"allow":["GET"]}}],"collection":[{"href":"https:\/\/neptune.asceagr.fr\/index.php?rest_route=\/wp\/v2\/pages"}],"about":[{"href":"https:\/\/neptune.asceagr.fr\/index.php?rest_route=\/wp\/v2\/types\/page"}],"author":[{"embeddable":true,"href":"https:\/\/neptune.asceagr.fr\/index.php?rest_route=\/wp\/v2\/users\/1"}],"replies":[{"embeddable":true,"href":"https:\/\/neptune.asceagr.fr\/index.php?rest_route=%2Fwp%2Fv2%2Fcomments&post=534"}],"version-history":[{"count":9,"href":"https:\/\/neptune.asceagr.fr\/index.php?rest_route=\/wp\/v2\/pages\/534\/revisions"}],"predecessor-version":[{"id":550,"href":"https:\/\/neptune.asceagr.fr\/index.php?rest_route=\/wp\/v2\/pages\/534\/revisions\/550"}],"wp:attachment":[{"href":"https:\/\/neptune.asceagr.fr\/index.php?rest_route=%2Fwp%2Fv2%2Fmedia&parent=534"}],"curies":[{"name":"wp","href":"https:\/\/api.w.org\/{rel}","templated":true}]}}