{"id":520,"date":"2023-01-17T11:55:59","date_gmt":"2023-01-17T09:55:59","guid":{"rendered":"https:\/\/neptune.asceagr.fr\/?page_id=520"},"modified":"2023-01-17T11:59:32","modified_gmt":"2023-01-17T09:59:32","slug":"ledition-2023","status":"publish","type":"page","link":"https:\/\/neptune.asceagr.fr\/?page_id=520","title":{"rendered":"L&rsquo;Edition 2023"},"content":{"rendered":"<p>L&rsquo;Edition 2023 de la coupe Neptune est organis\u00e9e par Pierrelatte<\/p>\n<p>Dates :\u00a028,29,30 septembre et 1 octobre 2023, Arriv\u00e9e le mercredi soir 27 septembre<\/p>\n<p>Lieu : Estartit sur la Costa Brava en Catalogne (Espagne) sur la c\u00f4te m\u00e9diterran\u00e9enne<\/p>\n<p>H\u00e9bergement : H\u00f4tel M\u00e8des II<\/p>\n<p>Club de plong\u00e9e : Unisub<\/p>\n<p>Pr\u00e9sentation de la sortie : <a href=\"https:\/\/neptune.asceagr.fr\/wp-content\/uploads\/2023\/01\/Presentation-Nep-2023-002.pdf\">Presentation Nep 2023 (002)<\/a><\/p>\n<p>Dossier d&rsquo;inscription : <a href=\"https:\/\/neptune.asceagr.fr\/wp-content\/uploads\/2023\/01\/Inscription-Neptune-2023.pdf\">Inscription Neptune 2023<\/a><\/p>\n","protected":false},"excerpt":{"rendered":"<p>L&rsquo;Edition 2023 de la coupe Neptune est organis\u00e9e par Pierrelatte Dates :\u00a028,29,30 septembre et 1 octobre 2023, Arriv\u00e9e le mercredi soir 27 septembre Lieu : Estartit sur la Costa Brava en Catalogne (Espagne) sur la c\u00f4te m\u00e9diterran\u00e9enne H\u00e9bergement : H\u00f4tel M\u00e8des II Club de plong\u00e9e : Unisub Pr\u00e9sentation de la sortie : Presentation Nep 2023 [&hellip;]<\/p>\n","protected":false},"author":1,"featured_media":0,"parent":0,"menu_order":0,"comment_status":"closed","ping_status":"closed","template":"","meta":{"jetpack_post_was_ever_published":false,"footnotes":""},"class_list":["post-520","page","type-page","status-publish","hentry"],"jetpack_sharing_enabled":true,"jetpack_shortlink":"https:\/\/wp.me\/P6R3MT-8o","jetpack-related-posts":[{"id":577,"url":"https:\/\/neptune.asceagr.fr\/","url_meta":{"origin":520,"position":0},"title":"L&rsquo;Edition 2026","author":"chris","date":"11 mars 2026","format":false,"excerpt":"Pour 2026, c'est Grenoble qui est en charge de l'organisation. Le projet a \u00e9t\u00e9 pr\u00e9sent\u00e9 \u00e0 Lanzarote d\u00e9but Octobre 2025 lors de la coupe Neptune 2025. La prochaine coupe Neptune aura donc lieu \u00e0 Arzon en Bretagne Sud, du 23 au 27 Septembre 2026 Pr\u00e9sentation PDF : 20260120 AG pr\u00e9sentation\u2026","rel":"","context":"Article similaire","block_context":{"text":"Article similaire","link":""},"img":{"alt_text":"","src":"https:\/\/i0.wp.com\/neptune.asceagr.fr\/wp-content\/uploads\/2026\/03\/arzon2026.jpg?resize=350%2C200&ssl=1","width":350,"height":200,"srcset":"https:\/\/i0.wp.com\/neptune.asceagr.fr\/wp-content\/uploads\/2026\/03\/arzon2026.jpg?resize=350%2C200&ssl=1 1x, https:\/\/i0.wp.com\/neptune.asceagr.fr\/wp-content\/uploads\/2026\/03\/arzon2026.jpg?resize=525%2C300&ssl=1 1.5x, https:\/\/i0.wp.com\/neptune.asceagr.fr\/wp-content\/uploads\/2026\/03\/arzon2026.jpg?resize=700%2C400&ssl=1 2x, https:\/\/i0.wp.com\/neptune.asceagr.fr\/wp-content\/uploads\/2026\/03\/arzon2026.jpg?resize=1050%2C600&ssl=1 3x"},"classes":[]},{"id":559,"url":"https:\/\/neptune.asceagr.fr\/?page_id=559","url_meta":{"origin":520,"position":1},"title":"L&rsquo;Edition 2025","author":"chris","date":"7 octobre 2024","format":false,"excerpt":"Pour 2025, c'est Cadarache qui est en charge de l'organisation. Le projet a \u00e9t\u00e9 pr\u00e9sent\u00e9 \u00e0 Porquerolles le 06 Octobre 2024 lors de la coupe Neptune 2024. Pr\u00e9sentation PDF :\u00a02025 Pr\u00e9sentation NEPTUNE CADARACHE 06 octobre 2024 La proposition est un s\u00e9jour d'1 semaine sur l'\u00eele de Lanzarote, dans les Canaries.\u2026","rel":"","context":"Article similaire","block_context":{"text":"Article similaire","link":""},"img":{"alt_text":"","src":"https:\/\/i0.wp.com\/neptune.asceagr.fr\/wp-content\/uploads\/2024\/10\/ed-2025-lanzarotte.jpg?resize=350%2C200&ssl=1","width":350,"height":200,"srcset":"https:\/\/i0.wp.com\/neptune.asceagr.fr\/wp-content\/uploads\/2024\/10\/ed-2025-lanzarotte.jpg?resize=350%2C200&ssl=1 1x, https:\/\/i0.wp.com\/neptune.asceagr.fr\/wp-content\/uploads\/2024\/10\/ed-2025-lanzarotte.jpg?resize=525%2C300&ssl=1 1.5x, https:\/\/i0.wp.com\/neptune.asceagr.fr\/wp-content\/uploads\/2024\/10\/ed-2025-lanzarotte.jpg?resize=700%2C400&ssl=1 2x"},"classes":[]},{"id":325,"url":"https:\/\/neptune.asceagr.fr\/?page_id=325","url_meta":{"origin":520,"position":2},"title":"L\u2019Edition 2020","author":"chris","date":"22 janvier 2020","format":false,"excerpt":"Attention : en raison des divers confinements et autres difficult\u00e9s li\u00e9s \u00e0 la situation COVID, l'\u00e9dition 2020 \/ CESTA \u00e0 la Ciotat : report\u00e9e \u00e0 2021 l'\u00e9dition 2021 \/ CESTA : annul\u00e9e d\u00e9finitivement l'\u00e9dition 2022 : le CESTA renonce. l'ASCEA\/GR devient de fait le prochain organisateur de la coupe ----------------------------\u2026","rel":"","context":"Article similaire","block_context":{"text":"Article similaire","link":""},"img":{"alt_text":"","src":"","width":0,"height":0},"classes":[]},{"id":347,"url":"https:\/\/neptune.asceagr.fr\/?page_id=347","url_meta":{"origin":520,"position":3},"title":"L\u2019Edition 2022","author":"chris","date":"27 octobre 2021","format":false,"excerpt":"\u00a0 La COUPE NEPTUNE 2022, 43i\u00e8me \u00e9dition a \u00e9t\u00e9 organis\u00e9e par l'ASCEA\/GR Section Sports-Sous-Marins, avec l'aide de ses sponsors et des bonnes volont\u00e9s de la section. Dates : du 21 au 25 SEPTEMBRE 2022 Lieu : Boulouris D\u00e9but de l'\u00e9v\u00e8nement le Mercredi 21 Septembre au soir, buffet d\u2019accueil. D\u00e9part le\u2026","rel":"","context":"Article similaire","block_context":{"text":"Article similaire","link":""},"img":{"alt_text":"","src":"","width":0,"height":0},"classes":[]},{"id":311,"url":"https:\/\/neptune.asceagr.fr\/?page_id=311","url_meta":{"origin":520,"position":4},"title":"L\u2019Edition 2019","author":"chris","date":"10 mars 2019","format":false,"excerpt":"C'est Grenoble qui organise l'\u00e9dition 2019 de la Coupe Neptune (41 \u00e8me \u00e9dition). La destination retenue\u00a0 est Cerb\u00e8re. Dates : 25 au 29 Septembre 2019 La plaquette de pr\u00e9sentation :\u00a0Plaquette Coupe Neptune 2019 Cerbere Le nombre de participants est limit\u00e9 \u00e0 100 plongeurs ce qui fait 16 places assur\u00e9es par\u2026","rel":"","context":"Article similaire","block_context":{"text":"Article similaire","link":""},"img":{"alt_text":"","src":"","width":0,"height":0},"classes":[]},{"id":260,"url":"https:\/\/neptune.asceagr.fr\/?page_id=260","url_meta":{"origin":520,"position":5},"title":"L\u2019Edition 2016","author":"chris","date":"4 janvier 2016","format":false,"excerpt":"La 38\u00e8me coupe Neptune\u00a0est\u00a0organis\u00e9e par PIERRELATTE\u00a0du mercredi 21 au dimanche 25 septembre\u00a02016. Le lieu choisi est\u00a0Cala Montjoi (Espagne, dans la province de la Catalogne). Tous les d\u00e9tails dans le fichier suivant :\u00a0neptune 2016","rel":"","context":"Article similaire","block_context":{"text":"Article similaire","link":""},"img":{"alt_text":"","src":"","width":0,"height":0},"classes":[]}],"_links":{"self":[{"href":"https:\/\/neptune.asceagr.fr\/index.php?rest_route=\/wp\/v2\/pages\/520","targetHints":{"allow":["GET"]}}],"collection":[{"href":"https:\/\/neptune.asceagr.fr\/index.php?rest_route=\/wp\/v2\/pages"}],"about":[{"href":"https:\/\/neptune.asceagr.fr\/index.php?rest_route=\/wp\/v2\/types\/page"}],"author":[{"embeddable":true,"href":"https:\/\/neptune.asceagr.fr\/index.php?rest_route=\/wp\/v2\/users\/1"}],"replies":[{"embeddable":true,"href":"https:\/\/neptune.asceagr.fr\/index.php?rest_route=%2Fwp%2Fv2%2Fcomments&post=520"}],"version-history":[{"count":1,"href":"https:\/\/neptune.asceagr.fr\/index.php?rest_route=\/wp\/v2\/pages\/520\/revisions"}],"predecessor-version":[{"id":523,"href":"https:\/\/neptune.asceagr.fr\/index.php?rest_route=\/wp\/v2\/pages\/520\/revisions\/523"}],"wp:attachment":[{"href":"https:\/\/neptune.asceagr.fr\/index.php?rest_route=%2Fwp%2Fv2%2Fmedia&parent=520"}],"curies":[{"name":"wp","href":"https:\/\/api.w.org\/{rel}","templated":true}]}}