{"id":39,"date":"2014-09-04T10:16:09","date_gmt":"2014-09-04T08:16:09","guid":{"rendered":"http:\/\/neptune.asceagr.fr\/?page_id=39"},"modified":"2014-09-04T15:59:12","modified_gmt":"2014-09-04T13:59:12","slug":"ledition-2014","status":"publish","type":"page","link":"https:\/\/neptune.asceagr.fr\/?page_id=39","title":{"rendered":"L&rsquo;Edition 2014"},"content":{"rendered":"<p><span style=\"color: #000000;\">\u00a0La coupe Neptune 2014 est organis\u00e9e pour cette ann\u00e9e 2014 par le CESTA du samedi 27 septembre au 1er octobre 2014.<\/span><\/p>\n<p>Lieu : dans le village vacances\u00a0<strong>LEO LAGRANGE de RAMATUELLE<\/strong>, pr\u00e8s de St Tropez<\/p>\n<ul>\n<li>Plong\u00e9es organis\u00e9es par le club <strong>Cap Camarat Plong\u00e9e<\/strong> .<\/li>\n<li>7 plong\u00e9es pr\u00e9vues<\/li>\n<\/ul>\n<p><img data-recalc-dims=\"1\" loading=\"lazy\" decoding=\"async\" src=\"https:\/\/i0.wp.com\/plongee.asceagr.fr\/IMG\/jpg\/Image1.jpg?resize=497%2C328\" alt=\"(JPG)\" width=\"497\" height=\"328\" \/><\/p>\n<p>Outre les activit\u00e9s vari\u00e9es propos\u00e9es par le Club L\u00e9o Lagrange,<\/p>\n<ul>\n<li>Dimanche 28 septembre : Visite guid\u00e9e de Ramatuelle (office du tourisme)<\/li>\n<li>Lundi 29 septembre : visite \u00e0 15h Domaine du Rayol (27 km de Ramatuelle)<\/li>\n<li>Mardi 30 septembre :Randonn\u00e9e au Cap Camarat (guide naturaliste)<\/li>\n<\/ul>\n<p>Co\u00fbt (hors transport,du samedi soir au mercredi midi en pension compl\u00e8te) :<\/p>\n<ul>\n<li>PLONGEUR NON ASCEA-GR : 465 \u20ac<\/li>\n<li>ACCOMPAGNANT (E) : 285 \u20ac (visites guid\u00e9es incluses) \u2022<\/li>\n<li>PLONGEUR INSCRIT AU CLUB ASCEA-GR (NON ENCADRANT ACTIF) :415 \u20ac<\/li>\n<li>ENCADRANT ACTIF : 385 \u20ac<\/li>\n<\/ul>\n<p><strong>PRATIQUE<\/strong>:<\/p>\n<p>En cas de mauvaise m\u00e9t\u00e9o, les d\u00e9parts se feront du port de Cavalaire ou de St Tropez (1\/2 h de route, \u00e0 effectuer par nos propres moyens). ATTENTION : blocs fournis mais pas les plombs . Nitrox 32% possible sur commande (10\u20ac\/plong\u00e9e) Pr\u00e9voir un cintre pour sa combinaison. Caisse \u00ab de d\u00e9m\u00e9nageur \u00bb interdite.<\/p>\n<p>&nbsp;<\/p>\n<p>&nbsp;<\/p>\n","protected":false},"excerpt":{"rendered":"<p>\u00a0La coupe Neptune 2014 est organis\u00e9e pour cette ann\u00e9e 2014 par le CESTA du samedi 27 septembre au 1er octobre 2014. Lieu : dans le village vacances\u00a0LEO LAGRANGE de RAMATUELLE, pr\u00e8s de St Tropez Plong\u00e9es organis\u00e9es par le club Cap Camarat Plong\u00e9e . 7 plong\u00e9es pr\u00e9vues Outre les activit\u00e9s vari\u00e9es propos\u00e9es par le Club L\u00e9o [&hellip;]<\/p>\n","protected":false},"author":1,"featured_media":0,"parent":0,"menu_order":0,"comment_status":"closed","ping_status":"open","template":"","meta":{"jetpack_post_was_ever_published":false,"footnotes":""},"class_list":["post-39","page","type-page","status-publish","hentry"],"jetpack_sharing_enabled":true,"jetpack_shortlink":"https:\/\/wp.me\/P6R3MT-D","jetpack-related-posts":[{"id":72,"url":"https:\/\/neptune.asceagr.fr\/?page_id=72","url_meta":{"origin":39,"position":0},"title":"L&rsquo;Edition 2015, du 20 au 27 Septembre","author":"chris","date":"23 novembre 2014","format":false,"excerpt":"organis\u00e9e par l'ASCEA\/GR Documents de r\u00e9f\u00e9rence : - Neptune 2015 Pr\u00e9sentation - fichier inscription neptune 2015 - la r\u00e9ponse aux questions que vous vous posez La coupe neptune 2015 (37\u00e8me \u00e9dition) se d\u00e9roulera \u00e0 Galeria en Corse du 20 au 27 septembre 2015 (du Dimanche au Dimanche), pr\u00e8s de Calvi,\u2026","rel":"","context":"Article similaire","block_context":{"text":"Article similaire","link":""},"img":{"alt_text":"Maquette","src":"https:\/\/i0.wp.com\/neptune.asceagr.fr\/wp-content\/uploads\/2014\/09\/Maquette-150x150.jpg?resize=350%2C200","width":350,"height":200},"classes":[]},{"id":347,"url":"https:\/\/neptune.asceagr.fr\/?page_id=347","url_meta":{"origin":39,"position":1},"title":"L\u2019Edition 2022","author":"chris","date":"27 octobre 2021","format":false,"excerpt":"\u00a0 La COUPE NEPTUNE 2022, 43i\u00e8me \u00e9dition a \u00e9t\u00e9 organis\u00e9e par l'ASCEA\/GR Section Sports-Sous-Marins, avec l'aide de ses sponsors et des bonnes volont\u00e9s de la section. Dates : du 21 au 25 SEPTEMBRE 2022 Lieu : Boulouris D\u00e9but de l'\u00e9v\u00e8nement le Mercredi 21 Septembre au soir, buffet d\u2019accueil. D\u00e9part le\u2026","rel":"","context":"Article similaire","block_context":{"text":"Article similaire","link":""},"img":{"alt_text":"","src":"","width":0,"height":0},"classes":[]},{"id":14,"url":"https:\/\/neptune.asceagr.fr\/?page_id=14","url_meta":{"origin":39,"position":2},"title":"Historique","author":"chris","date":"3 septembre 2014","format":false,"excerpt":"1\u00e8re \u00a0- \u00a01979\u00a0 VAUJOURS\u00a0 SAINTE-MARGUERITE 2\u00e8me \u00a0- \u00a01980\u00a0 VAUJOURS\u00a0 SAINTE-MARGUERITE 3\u00e8me \u00a0- \u00a01981\u00a0 LIMEIL\u00a0 CIP GOLFE JUAN 4\u00e8me \u00a0- \u00a01982\u00a0 ASCEA-GR\u00a0 CIP NICE 5\u00e8me \u00a0- \u00a01983\u00a0 SACLAY\u00a0 THEOULE 6\u00e8me \u00a0- \u00a01984\u00a0 SACLAY\u00a0 SAINT-JEAN CAP FERRAT 7\u00e8me \u00a0- \u00a01985\u00a0 LE RIPAULT\u00a0 SAINT-TROPEZ 8\u00e8me \u00a0- \u00a01986\u00a0 LIMEIL\u00a0 CIP GOLFE JUAN 9\u00e8me \u00a0-\u2026","rel":"","context":"Article similaire","block_context":{"text":"Article similaire","link":""},"img":{"alt_text":"","src":"","width":0,"height":0},"classes":[]},{"id":325,"url":"https:\/\/neptune.asceagr.fr\/?page_id=325","url_meta":{"origin":39,"position":3},"title":"L\u2019Edition 2020","author":"chris","date":"22 janvier 2020","format":false,"excerpt":"Attention : en raison des divers confinements et autres difficult\u00e9s li\u00e9s \u00e0 la situation COVID, l'\u00e9dition 2020 \/ CESTA \u00e0 la Ciotat : report\u00e9e \u00e0 2021 l'\u00e9dition 2021 \/ CESTA : annul\u00e9e d\u00e9finitivement l'\u00e9dition 2022 : le CESTA renonce. l'ASCEA\/GR devient de fait le prochain organisateur de la coupe ----------------------------\u2026","rel":"","context":"Article similaire","block_context":{"text":"Article similaire","link":""},"img":{"alt_text":"","src":"","width":0,"height":0},"classes":[]},{"id":559,"url":"https:\/\/neptune.asceagr.fr\/?page_id=559","url_meta":{"origin":39,"position":4},"title":"L&rsquo;Edition 2025","author":"chris","date":"7 octobre 2024","format":false,"excerpt":"Pour 2025, c'est Cadarache qui est en charge de l'organisation. Le projet a \u00e9t\u00e9 pr\u00e9sent\u00e9 \u00e0 Porquerolles le 06 Octobre 2024 lors de la coupe Neptune 2024. Pr\u00e9sentation PDF :\u00a02025 Pr\u00e9sentation NEPTUNE CADARACHE 06 octobre 2024 La proposition est un s\u00e9jour d'1 semaine sur l'\u00eele de Lanzarote, dans les Canaries.\u2026","rel":"","context":"Article similaire","block_context":{"text":"Article similaire","link":""},"img":{"alt_text":"","src":"https:\/\/i0.wp.com\/neptune.asceagr.fr\/wp-content\/uploads\/2024\/10\/ed-2025-lanzarotte.jpg?resize=350%2C200&ssl=1","width":350,"height":200,"srcset":"https:\/\/i0.wp.com\/neptune.asceagr.fr\/wp-content\/uploads\/2024\/10\/ed-2025-lanzarotte.jpg?resize=350%2C200&ssl=1 1x, https:\/\/i0.wp.com\/neptune.asceagr.fr\/wp-content\/uploads\/2024\/10\/ed-2025-lanzarotte.jpg?resize=525%2C300&ssl=1 1.5x, https:\/\/i0.wp.com\/neptune.asceagr.fr\/wp-content\/uploads\/2024\/10\/ed-2025-lanzarotte.jpg?resize=700%2C400&ssl=1 2x"},"classes":[]},{"id":245,"url":"https:\/\/neptune.asceagr.fr\/?page_id=245","url_meta":{"origin":39,"position":5},"title":"R\u00e9sultats du concours photo","author":"chris","date":"9 octobre 2015","format":false,"excerpt":"(cliquer sur la photo pour l'agrandir) Concours terrestre : 1er Prix : Fran\u00e7ois HABLIZIG (CESTA) \u00a0 2\u00e8me prix : Christian LE BRETON (ASCEA GR) \u00a0 3\u00e8me Prix : Jean-Christophe CHAMPION (ASCEA GR) \u00a0 \u00a0 Prix de l'originalit\u00e9 : Isabelle TESTARD (GRENOBLE) \u00a0 Prix\u00a0de l'humour : Jean-Pierre AUBERT (GRENOBLE) \u00a0 Concours\u2026","rel":"","context":"Article similaire","block_context":{"text":"Article similaire","link":""},"img":{"alt_text":"18 Habilizig francois Porto_3_tn_vignette","src":"https:\/\/i0.wp.com\/neptune.asceagr.fr\/wp-content\/uploads\/2015\/10\/18-Habilizig-francois-Porto_3_tn_vignette-300x213.jpg?resize=350%2C200","width":350,"height":200},"classes":[]}],"_links":{"self":[{"href":"https:\/\/neptune.asceagr.fr\/index.php?rest_route=\/wp\/v2\/pages\/39","targetHints":{"allow":["GET"]}}],"collection":[{"href":"https:\/\/neptune.asceagr.fr\/index.php?rest_route=\/wp\/v2\/pages"}],"about":[{"href":"https:\/\/neptune.asceagr.fr\/index.php?rest_route=\/wp\/v2\/types\/page"}],"author":[{"embeddable":true,"href":"https:\/\/neptune.asceagr.fr\/index.php?rest_route=\/wp\/v2\/users\/1"}],"replies":[{"embeddable":true,"href":"https:\/\/neptune.asceagr.fr\/index.php?rest_route=%2Fwp%2Fv2%2Fcomments&post=39"}],"version-history":[{"count":3,"href":"https:\/\/neptune.asceagr.fr\/index.php?rest_route=\/wp\/v2\/pages\/39\/revisions"}],"predecessor-version":[{"id":48,"href":"https:\/\/neptune.asceagr.fr\/index.php?rest_route=\/wp\/v2\/pages\/39\/revisions\/48"}],"wp:attachment":[{"href":"https:\/\/neptune.asceagr.fr\/index.php?rest_route=%2Fwp%2Fv2%2Fmedia&parent=39"}],"curies":[{"name":"wp","href":"https:\/\/api.w.org\/{rel}","templated":true}]}}