{"id":347,"date":"2021-10-27T19:26:13","date_gmt":"2021-10-27T17:26:13","guid":{"rendered":"https:\/\/neptune.asceagr.fr\/?page_id=347"},"modified":"2023-01-17T11:50:53","modified_gmt":"2023-01-17T09:50:53","slug":"ledition-2022","status":"publish","type":"page","link":"https:\/\/neptune.asceagr.fr\/?page_id=347","title":{"rendered":"L\u2019Edition 2022"},"content":{"rendered":"<p>&nbsp;<\/p>\n<p>La COUPE NEPTUNE 2022, 43i\u00e8me \u00e9dition a \u00e9t\u00e9 organis\u00e9e par l&rsquo;ASCEA\/GR Section Sports-Sous-Marins, avec l&rsquo;aide de ses sponsors et des bonnes volont\u00e9s de la section.<\/p>\n<ul>\n<li><strong>Dates : du 21 au 25 SEPTEMBRE 2022<\/strong><\/li>\n<li>Lieu : <strong>Boulouris<\/strong><\/li>\n<li>D\u00e9but de l&rsquo;\u00e9v\u00e8nement le Mercredi 21 Septembre au soir, buffet d\u2019accueil.<\/li>\n<li>D\u00e9part le Dimanche 25 apr\u00e8s le repas du midi<\/li>\n<li>7 plong\u00e9es<\/li>\n<li>Plus de 27 sites de plong\u00e9e peu \u00e9loign\u00e9s et prot\u00e9g\u00e9s du vent<\/li>\n<li>Limitation \u00e0 80 plongeuses\/plongeurs, accompagnants possibles<\/li>\n<li>Base de plong\u00e9e situ\u00e9e sur le port de Boulouris qui dispose d\u2019un local de plus de 100 m2<\/li>\n<li>Logement assur\u00e9 au centre de vacances\u00a0 \u00ab UFCV Le Haut Peyron \u00bb situ\u00e9 \u00e0 2,5 km de la base. Acc\u00e8s possible \u00e0 pied (25 mn), transferts possible en minibus<\/li>\n<li>Programme sp\u00e9cifique de visites pour les accompagnants (es)<\/li>\n<li>Prix du s\u00e9jour (hors transport) = 450 \u20ac pour les plongeurs, 325 \u20ac pour les accompagnants<\/li>\n<li>Pr\u00e9inscription \u00e0 partir de d\u00e9cembre<\/li>\n<li>Date limite d\u2019inscription : 15 Mars 2022<\/li>\n<li>Avance demand\u00e9e au 15 mars 2022 : 150\u20ac\/plongeur et 100\u20ac\/accompagnant<\/li>\n<li>Contact : Christine Chaussy<\/li>\n<\/ul>\n<p>Plus de d\u00e9tails dans la pr\u00e9sentation ici : <a href=\"https:\/\/neptune.asceagr.fr\/wp-content\/uploads\/2021\/10\/43-ieme-COUPE-NEPTUNE-2022-BIII-Modif-pour-site.pdf\" target=\"_blank\" rel=\"noopener\">COUPE NEPTUNE 2022 \u00e0 Boulouris<\/a><\/p>\n<p>&nbsp;<\/p>\n<p>Le compte rendu de cette \u00e9dition : <a href=\"https:\/\/neptune.asceagr.fr\/wp-content\/uploads\/2023\/01\/20221212-Resume-Neptune-2022-BIII-VF.pdf\">20221212-Resume-Neptune-2022-BIII-VF<\/a><\/p>\n<p>&nbsp;<\/p>\n","protected":false},"excerpt":{"rendered":"<p>&nbsp; La COUPE NEPTUNE 2022, 43i\u00e8me \u00e9dition a \u00e9t\u00e9 organis\u00e9e par l&rsquo;ASCEA\/GR Section Sports-Sous-Marins, avec l&rsquo;aide de ses sponsors et des bonnes volont\u00e9s de la section. Dates : du 21 au 25 SEPTEMBRE 2022 Lieu : Boulouris D\u00e9but de l&rsquo;\u00e9v\u00e8nement le Mercredi 21 Septembre au soir, buffet d\u2019accueil. D\u00e9part le Dimanche 25 apr\u00e8s le repas [&hellip;]<\/p>\n","protected":false},"author":1,"featured_media":0,"parent":0,"menu_order":0,"comment_status":"closed","ping_status":"closed","template":"","meta":{"jetpack_post_was_ever_published":false,"footnotes":""},"class_list":["post-347","page","type-page","status-publish","hentry"],"jetpack_sharing_enabled":true,"jetpack_shortlink":"https:\/\/wp.me\/P6R3MT-5B","jetpack-related-posts":[{"id":325,"url":"https:\/\/neptune.asceagr.fr\/?page_id=325","url_meta":{"origin":347,"position":0},"title":"L\u2019Edition 2020","author":"chris","date":"22 janvier 2020","format":false,"excerpt":"Attention : en raison des divers confinements et autres difficult\u00e9s li\u00e9s \u00e0 la situation COVID, l'\u00e9dition 2020 \/ CESTA \u00e0 la Ciotat : report\u00e9e \u00e0 2021 l'\u00e9dition 2021 \/ CESTA : annul\u00e9e d\u00e9finitivement l'\u00e9dition 2022 : le CESTA renonce. l'ASCEA\/GR devient de fait le prochain organisateur de la coupe ----------------------------\u2026","rel":"","context":"Article similaire","block_context":{"text":"Article similaire","link":""},"img":{"alt_text":"","src":"","width":0,"height":0},"classes":[]},{"id":311,"url":"https:\/\/neptune.asceagr.fr\/?page_id=311","url_meta":{"origin":347,"position":1},"title":"L\u2019Edition 2019","author":"chris","date":"10 mars 2019","format":false,"excerpt":"C'est Grenoble qui organise l'\u00e9dition 2019 de la Coupe Neptune (41 \u00e8me \u00e9dition). La destination retenue\u00a0 est Cerb\u00e8re. Dates : 25 au 29 Septembre 2019 La plaquette de pr\u00e9sentation :\u00a0Plaquette Coupe Neptune 2019 Cerbere Le nombre de participants est limit\u00e9 \u00e0 100 plongeurs ce qui fait 16 places assur\u00e9es par\u2026","rel":"","context":"Article similaire","block_context":{"text":"Article similaire","link":""},"img":{"alt_text":"","src":"","width":0,"height":0},"classes":[]},{"id":142,"url":"https:\/\/neptune.asceagr.fr\/?page_id=142","url_meta":{"origin":347,"position":2},"title":"Coupe Neptune 2015, la r\u00e9ponse aux Questions","author":"chris","date":"12 janvier 2015","format":false,"excerpt":"Dates du S\u00e9jour : les s\u00e9jours \u00e0 Incantu en 2015 se font du dimanche au dimanche, les dates de la coupe Neptune, sont d\u00e9sormais du 20 au 27 septembre 2015 R\u00e8glement\u00a0des pr\u00e9-inscription : Les pr\u00e9-inscriptions sont faites aupr\u00e8s de tous les clubs. Il s\u2019agit maintenant de concr\u00e9tiser ton intention, et\u2026","rel":"","context":"Article similaire","block_context":{"text":"Article similaire","link":""},"img":{"alt_text":"","src":"","width":0,"height":0},"classes":[]},{"id":292,"url":"https:\/\/neptune.asceagr.fr\/?page_id=292","url_meta":{"origin":347,"position":3},"title":"L&rsquo;Edition 2018","author":"chris","date":"30 novembre 2017","format":false,"excerpt":"La COUPE NEPTUNE 2018 se d\u00e9roulera du 03 au 10 novembre et est organis\u00e9e par le club de CADARACHE. La destination, exotique et lointaine, nous am\u00e8nera \u00e0 la MARTINIQUE, au club Pierre et Vacances de Sainte-Luce. la plaquette : 40eme Coupe NEPTUNE 2018 Dix plong\u00e9es sont pr\u00e9vues au programme. Le\u2026","rel":"","context":"Article similaire","block_context":{"text":"Article similaire","link":""},"img":{"alt_text":"","src":"","width":0,"height":0},"classes":[]},{"id":72,"url":"https:\/\/neptune.asceagr.fr\/?page_id=72","url_meta":{"origin":347,"position":4},"title":"L&rsquo;Edition 2015, du 20 au 27 Septembre","author":"chris","date":"23 novembre 2014","format":false,"excerpt":"organis\u00e9e par l'ASCEA\/GR Documents de r\u00e9f\u00e9rence : - Neptune 2015 Pr\u00e9sentation - fichier inscription neptune 2015 - la r\u00e9ponse aux questions que vous vous posez La coupe neptune 2015 (37\u00e8me \u00e9dition) se d\u00e9roulera \u00e0 Galeria en Corse du 20 au 27 septembre 2015 (du Dimanche au Dimanche), pr\u00e8s de Calvi,\u2026","rel":"","context":"Article similaire","block_context":{"text":"Article similaire","link":""},"img":{"alt_text":"Maquette","src":"https:\/\/i0.wp.com\/neptune.asceagr.fr\/wp-content\/uploads\/2014\/09\/Maquette-150x150.jpg?resize=350%2C200","width":350,"height":200},"classes":[]},{"id":128,"url":"https:\/\/neptune.asceagr.fr\/?page_id=128","url_meta":{"origin":347,"position":5},"title":"C\u2019est Quoi  ?","author":"chris","date":"27 novembre 2014","format":false,"excerpt":"- Une Rencontre de plong\u00e9e sous-marine inter-centres des A.S. CEA & Areva - Qui regroupe g\u00e9n\u00e9ralement autour de 100\/120 Participants dont pr\u00e8s d'une centaine de plongeurs - Qui se passe chaque ann\u00e9e en septembre - Qui est organis\u00e9e \u00e0 tour de r\u00f4le par les centres participants - Dans un lieu\u2026","rel":"","context":"Article similaire","block_context":{"text":"Article similaire","link":""},"img":{"alt_text":"","src":"","width":0,"height":0},"classes":[]}],"_links":{"self":[{"href":"https:\/\/neptune.asceagr.fr\/index.php?rest_route=\/wp\/v2\/pages\/347","targetHints":{"allow":["GET"]}}],"collection":[{"href":"https:\/\/neptune.asceagr.fr\/index.php?rest_route=\/wp\/v2\/pages"}],"about":[{"href":"https:\/\/neptune.asceagr.fr\/index.php?rest_route=\/wp\/v2\/types\/page"}],"author":[{"embeddable":true,"href":"https:\/\/neptune.asceagr.fr\/index.php?rest_route=\/wp\/v2\/users\/1"}],"replies":[{"embeddable":true,"href":"https:\/\/neptune.asceagr.fr\/index.php?rest_route=%2Fwp%2Fv2%2Fcomments&post=347"}],"version-history":[{"count":12,"href":"https:\/\/neptune.asceagr.fr\/index.php?rest_route=\/wp\/v2\/pages\/347\/revisions"}],"predecessor-version":[{"id":519,"href":"https:\/\/neptune.asceagr.fr\/index.php?rest_route=\/wp\/v2\/pages\/347\/revisions\/519"}],"wp:attachment":[{"href":"https:\/\/neptune.asceagr.fr\/index.php?rest_route=%2Fwp%2Fv2%2Fmedia&parent=347"}],"curies":[{"name":"wp","href":"https:\/\/api.w.org\/{rel}","templated":true}]}}