{"id":325,"date":"2020-01-22T16:50:47","date_gmt":"2020-01-22T14:50:47","guid":{"rendered":"https:\/\/neptune.asceagr.fr\/?page_id=325"},"modified":"2021-09-21T19:40:16","modified_gmt":"2021-09-21T17:40:16","slug":"ledition-2020","status":"publish","type":"page","link":"https:\/\/neptune.asceagr.fr\/?page_id=325","title":{"rendered":"L\u2019Edition 2020"},"content":{"rendered":"<p>Attention : en raison des divers confinements et autres difficult\u00e9s li\u00e9s \u00e0 la situation COVID,<\/p>\n<ul>\n<li>l&rsquo;\u00e9dition 2020 \/ CESTA \u00e0 la Ciotat : report\u00e9e \u00e0 2021<\/li>\n<li>l&rsquo;\u00e9dition 2021 \/ CESTA : annul\u00e9e d\u00e9finitivement<\/li>\n<li>l&rsquo;\u00e9dition 2022 : le CESTA renonce. l&rsquo;ASCEA\/GR devient de fait le prochain organisateur de la coupe<\/li>\n<\/ul>\n<p>&#8212;&#8212;&#8212;&#8212;&#8212;&#8212;&#8212;&#8212;&#8212;-<\/p>\n<p>C&rsquo;est le CESTA qui organise l&rsquo;\u00e9dition 2020 de la Coupe Neptune (42\u00e8me \u00e9dition). La destination retenue\u00a0 est La Ciotat.<\/p>\n<p><strong>Dates : 24 au 27 Septembre 2020 (Arriv\u00e9e la veille le 23 Septembre)<\/strong><\/p>\n<p>La plaquette de pr\u00e9sentation : <a href=\"https:\/\/neptune.asceagr.fr\/wp-content\/uploads\/2020\/01\/Plaquette-Neptune-2020-Cesta-La-Ciotat.pdf\">Plaquette Neptune 2020 Cesta La Ciotat<\/a><\/p>\n<p>Le nombre de participants est limit\u00e9 \u00e0 80 plongeurs, 90 participants : 12 plongeurs minimum garantis par club<br \/>\n<em>Les places \u00e9tant limit\u00e9es, les premiers arriv\u00e9s seront les premiers servis !\u00a0<\/em><br \/>\nLa limite de r\u00e9servation est le 15 mars 2019. Au del\u00e0 de cette date, les places seront distribu\u00e9es aux autres club.<\/p>\n<p>C\u00f4t\u00e9 accompagnants, pas de limite \u00e0 priori.<\/p>\n<p>Tarifs<br \/>\n&#8211; pour les accompagnants : 300\u20ac,<br \/>\n&#8211; pour les plongeurs : 440\u20ac<\/p>\n<p><strong>Pr\u00e9-inscriptions \u00e0 partir du 15 Janvier 2020<\/strong><br \/>\n<strong>Inscriptions d\u00e9finitives au plus tard le 12 mars 2020. <\/strong>Ahrres \u00e0 r\u00e9gler avant cette date: 30% soit 132\u20ac\/plongeur et 90\u20ac\/accompagnant<br \/>\n<strong>Solde du s\u00e9jour \u00e0 verser pour le 1er juin 2020<\/strong><\/p>\n<p>Les versements :<br \/>\n&#8211; \u00e0 faire \u00e0 NOTRE SECTION : RIB fourni dans le mail du 22 janvier 2020 intitul\u00e9 \u00ab\u00a0Neptune 2020 : La Ciotat. Inscriptions\u00a0\u00bb<br \/>\n&#8211; si possible par virement a la r\u00e9servation via : Indiquez \u00ab\u00a0NEPTUNE+votre nom + pr\u00e9nom\u00a0\u00bb dans la description du virement.<\/p>\n<p>Cot\u00e9 transport, rien n\u2019est encore pr\u00e9vu. C\u2019est \u00e0 nous de nous organiser. Nous sommes plusieurs \u00e0 souhaiter descendre en train. Mais n&rsquo;\u2019h\u00e9sitez pas \u00e0 nous faire part du mode de transport que vous souhaiteriez.<\/p>\n<p>Pour vous inscrire :<\/p>\n<ul>\n<li>Contact : Christine<\/li>\n<\/ul>\n","protected":false},"excerpt":{"rendered":"<p>Attention : en raison des divers confinements et autres difficult\u00e9s li\u00e9s \u00e0 la situation COVID, l&rsquo;\u00e9dition 2020 \/ CESTA \u00e0 la Ciotat : report\u00e9e \u00e0 2021 l&rsquo;\u00e9dition 2021 \/ CESTA : annul\u00e9e d\u00e9finitivement l&rsquo;\u00e9dition 2022 : le CESTA renonce. l&rsquo;ASCEA\/GR devient de fait le prochain organisateur de la coupe &#8212;&#8212;&#8212;&#8212;&#8212;&#8212;&#8212;&#8212;&#8212;- C&rsquo;est le CESTA qui organise [&hellip;]<\/p>\n","protected":false},"author":1,"featured_media":0,"parent":0,"menu_order":0,"comment_status":"closed","ping_status":"closed","template":"","meta":{"jetpack_post_was_ever_published":false,"footnotes":""},"class_list":["post-325","page","type-page","status-publish","hentry"],"jetpack_sharing_enabled":true,"jetpack_shortlink":"https:\/\/wp.me\/P6R3MT-5f","jetpack-related-posts":[{"id":311,"url":"https:\/\/neptune.asceagr.fr\/?page_id=311","url_meta":{"origin":325,"position":0},"title":"L\u2019Edition 2019","author":"chris","date":"10 mars 2019","format":false,"excerpt":"C'est Grenoble qui organise l'\u00e9dition 2019 de la Coupe Neptune (41 \u00e8me \u00e9dition). La destination retenue\u00a0 est Cerb\u00e8re. Dates : 25 au 29 Septembre 2019 La plaquette de pr\u00e9sentation :\u00a0Plaquette Coupe Neptune 2019 Cerbere Le nombre de participants est limit\u00e9 \u00e0 100 plongeurs ce qui fait 16 places assur\u00e9es par\u2026","rel":"","context":"Article similaire","block_context":{"text":"Article similaire","link":""},"img":{"alt_text":"","src":"","width":0,"height":0},"classes":[]},{"id":292,"url":"https:\/\/neptune.asceagr.fr\/?page_id=292","url_meta":{"origin":325,"position":1},"title":"L&rsquo;Edition 2018","author":"chris","date":"30 novembre 2017","format":false,"excerpt":"La COUPE NEPTUNE 2018 se d\u00e9roulera du 03 au 10 novembre et est organis\u00e9e par le club de CADARACHE. La destination, exotique et lointaine, nous am\u00e8nera \u00e0 la MARTINIQUE, au club Pierre et Vacances de Sainte-Luce. la plaquette : 40eme Coupe NEPTUNE 2018 Dix plong\u00e9es sont pr\u00e9vues au programme. Le\u2026","rel":"","context":"Article similaire","block_context":{"text":"Article similaire","link":""},"img":{"alt_text":"","src":"","width":0,"height":0},"classes":[]},{"id":559,"url":"https:\/\/neptune.asceagr.fr\/?page_id=559","url_meta":{"origin":325,"position":2},"title":"L&rsquo;Edition 2025","author":"chris","date":"7 octobre 2024","format":false,"excerpt":"Pour 2025, c'est Cadarache qui est en charge de l'organisation. Le projet a \u00e9t\u00e9 pr\u00e9sent\u00e9 \u00e0 Porquerolles le 06 Octobre 2024 lors de la coupe Neptune 2024. Pr\u00e9sentation PDF :\u00a02025 Pr\u00e9sentation NEPTUNE CADARACHE 06 octobre 2024 La proposition est un s\u00e9jour d'1 semaine sur l'\u00eele de Lanzarote, dans les Canaries.\u2026","rel":"","context":"Article similaire","block_context":{"text":"Article similaire","link":""},"img":{"alt_text":"","src":"https:\/\/i0.wp.com\/neptune.asceagr.fr\/wp-content\/uploads\/2024\/10\/ed-2025-lanzarotte.jpg?resize=350%2C200&ssl=1","width":350,"height":200,"srcset":"https:\/\/i0.wp.com\/neptune.asceagr.fr\/wp-content\/uploads\/2024\/10\/ed-2025-lanzarotte.jpg?resize=350%2C200&ssl=1 1x, https:\/\/i0.wp.com\/neptune.asceagr.fr\/wp-content\/uploads\/2024\/10\/ed-2025-lanzarotte.jpg?resize=525%2C300&ssl=1 1.5x, https:\/\/i0.wp.com\/neptune.asceagr.fr\/wp-content\/uploads\/2024\/10\/ed-2025-lanzarotte.jpg?resize=700%2C400&ssl=1 2x"},"classes":[]},{"id":39,"url":"https:\/\/neptune.asceagr.fr\/?page_id=39","url_meta":{"origin":325,"position":3},"title":"L&rsquo;Edition 2014","author":"chris","date":"4 septembre 2014","format":false,"excerpt":"\u00a0La coupe Neptune 2014 est organis\u00e9e pour cette ann\u00e9e 2014 par le CESTA du samedi 27 septembre au 1er octobre 2014. Lieu : dans le village vacances\u00a0LEO LAGRANGE de RAMATUELLE, pr\u00e8s de St Tropez Plong\u00e9es organis\u00e9es par le club Cap Camarat Plong\u00e9e . 7 plong\u00e9es pr\u00e9vues Outre les activit\u00e9s vari\u00e9es\u2026","rel":"","context":"Article similaire","block_context":{"text":"Article similaire","link":""},"img":{"alt_text":"(JPG)","src":"https:\/\/i0.wp.com\/plongee.asceagr.fr\/IMG\/jpg\/Image1.jpg?resize=350%2C200","width":350,"height":200},"classes":[]},{"id":347,"url":"https:\/\/neptune.asceagr.fr\/?page_id=347","url_meta":{"origin":325,"position":4},"title":"L\u2019Edition 2022","author":"chris","date":"27 octobre 2021","format":false,"excerpt":"\u00a0 La COUPE NEPTUNE 2022, 43i\u00e8me \u00e9dition a \u00e9t\u00e9 organis\u00e9e par l'ASCEA\/GR Section Sports-Sous-Marins, avec l'aide de ses sponsors et des bonnes volont\u00e9s de la section. Dates : du 21 au 25 SEPTEMBRE 2022 Lieu : Boulouris D\u00e9but de l'\u00e9v\u00e8nement le Mercredi 21 Septembre au soir, buffet d\u2019accueil. D\u00e9part le\u2026","rel":"","context":"Article similaire","block_context":{"text":"Article similaire","link":""},"img":{"alt_text":"","src":"","width":0,"height":0},"classes":[]},{"id":128,"url":"https:\/\/neptune.asceagr.fr\/?page_id=128","url_meta":{"origin":325,"position":5},"title":"C\u2019est Quoi  ?","author":"chris","date":"27 novembre 2014","format":false,"excerpt":"- Une Rencontre de plong\u00e9e sous-marine inter-centres des A.S. CEA & Areva - Qui regroupe g\u00e9n\u00e9ralement autour de 100\/120 Participants dont pr\u00e8s d'une centaine de plongeurs - Qui se passe chaque ann\u00e9e en septembre - Qui est organis\u00e9e \u00e0 tour de r\u00f4le par les centres participants - Dans un lieu\u2026","rel":"","context":"Article similaire","block_context":{"text":"Article similaire","link":""},"img":{"alt_text":"","src":"","width":0,"height":0},"classes":[]}],"_links":{"self":[{"href":"https:\/\/neptune.asceagr.fr\/index.php?rest_route=\/wp\/v2\/pages\/325","targetHints":{"allow":["GET"]}}],"collection":[{"href":"https:\/\/neptune.asceagr.fr\/index.php?rest_route=\/wp\/v2\/pages"}],"about":[{"href":"https:\/\/neptune.asceagr.fr\/index.php?rest_route=\/wp\/v2\/types\/page"}],"author":[{"embeddable":true,"href":"https:\/\/neptune.asceagr.fr\/index.php?rest_route=\/wp\/v2\/users\/1"}],"replies":[{"embeddable":true,"href":"https:\/\/neptune.asceagr.fr\/index.php?rest_route=%2Fwp%2Fv2%2Fcomments&post=325"}],"version-history":[{"count":6,"href":"https:\/\/neptune.asceagr.fr\/index.php?rest_route=\/wp\/v2\/pages\/325\/revisions"}],"predecessor-version":[{"id":345,"href":"https:\/\/neptune.asceagr.fr\/index.php?rest_route=\/wp\/v2\/pages\/325\/revisions\/345"}],"wp:attachment":[{"href":"https:\/\/neptune.asceagr.fr\/index.php?rest_route=%2Fwp%2Fv2%2Fmedia&parent=325"}],"curies":[{"name":"wp","href":"https:\/\/api.w.org\/{rel}","templated":true}]}}