{"id":292,"date":"2017-11-30T11:14:32","date_gmt":"2017-11-30T09:14:32","guid":{"rendered":"http:\/\/neptune.asceagr.fr\/?page_id=292"},"modified":"2017-11-30T11:16:34","modified_gmt":"2017-11-30T09:16:34","slug":"ledition-2018","status":"publish","type":"page","link":"https:\/\/neptune.asceagr.fr\/?page_id=292","title":{"rendered":"L&rsquo;Edition 2018"},"content":{"rendered":"<p>La COUPE NEPTUNE 2018 se d\u00e9roulera du 03 au 10 novembre et est organis\u00e9e par le club de CADARACHE.<\/p>\n<p>La destination, exotique et lointaine, nous am\u00e8nera \u00e0 la MARTINIQUE, au club Pierre et Vacances de Sainte-Luce.<br \/>\nla plaquette : <a href=\"http:\/\/neptune.asceagr.fr\/wp-content\/uploads\/2017\/11\/40eme-Coupe-NEPTUNE-2018.pdf\">40eme Coupe NEPTUNE 2018<\/a><\/p>\n<p>Dix plong\u00e9es sont pr\u00e9vues au programme.<\/p>\n<p>Le prix \u00ab all inclusive \u00bb pour la semaine est de 1395 \u20ac pour les plongeurs et 1075 pour les accompagnants avec possibilit\u00e9 d\u00e9placer le billet retour afin de prolonger, \u00e0 votre frais bien s\u00fbr, votre s\u00e9jour.<\/p>\n<p>R\u00e9ponses attendues avant vendredi 1 d\u00e9cembre, \u00e0 transmettre a Christine, en remplissant le fichier Excel ci apr\u00e8s :\u00a0<a href=\"http:\/\/neptune.asceagr.fr\/wp-content\/uploads\/2017\/11\/Inscription_Neptune_2018_au-13-10-17.xlsx\">Inscription_Neptune_2018_au 13-10-17<\/a> .<\/p>\n","protected":false},"excerpt":{"rendered":"<p>La COUPE NEPTUNE 2018 se d\u00e9roulera du 03 au 10 novembre et est organis\u00e9e par le club de CADARACHE. La destination, exotique et lointaine, nous am\u00e8nera \u00e0 la MARTINIQUE, au club Pierre et Vacances de Sainte-Luce. la plaquette : 40eme Coupe NEPTUNE 2018 Dix plong\u00e9es sont pr\u00e9vues au programme. Le prix \u00ab all inclusive \u00bb [&hellip;]<\/p>\n","protected":false},"author":1,"featured_media":0,"parent":0,"menu_order":0,"comment_status":"closed","ping_status":"closed","template":"","meta":{"jetpack_post_was_ever_published":false,"footnotes":""},"class_list":["post-292","page","type-page","status-publish","hentry"],"jetpack_sharing_enabled":true,"jetpack_shortlink":"https:\/\/wp.me\/P6R3MT-4I","jetpack-related-posts":[{"id":311,"url":"https:\/\/neptune.asceagr.fr\/?page_id=311","url_meta":{"origin":292,"position":0},"title":"L\u2019Edition 2019","author":"chris","date":"10 mars 2019","format":false,"excerpt":"C'est Grenoble qui organise l'\u00e9dition 2019 de la Coupe Neptune (41 \u00e8me \u00e9dition). La destination retenue\u00a0 est Cerb\u00e8re. Dates : 25 au 29 Septembre 2019 La plaquette de pr\u00e9sentation :\u00a0Plaquette Coupe Neptune 2019 Cerbere Le nombre de participants est limit\u00e9 \u00e0 100 plongeurs ce qui fait 16 places assur\u00e9es par\u2026","rel":"","context":"Article similaire","block_context":{"text":"Article similaire","link":""},"img":{"alt_text":"","src":"","width":0,"height":0},"classes":[]},{"id":325,"url":"https:\/\/neptune.asceagr.fr\/?page_id=325","url_meta":{"origin":292,"position":1},"title":"L\u2019Edition 2020","author":"chris","date":"22 janvier 2020","format":false,"excerpt":"Attention : en raison des divers confinements et autres difficult\u00e9s li\u00e9s \u00e0 la situation COVID, l'\u00e9dition 2020 \/ CESTA \u00e0 la Ciotat : report\u00e9e \u00e0 2021 l'\u00e9dition 2021 \/ CESTA : annul\u00e9e d\u00e9finitivement l'\u00e9dition 2022 : le CESTA renonce. l'ASCEA\/GR devient de fait le prochain organisateur de la coupe ----------------------------\u2026","rel":"","context":"Article similaire","block_context":{"text":"Article similaire","link":""},"img":{"alt_text":"","src":"","width":0,"height":0},"classes":[]},{"id":72,"url":"https:\/\/neptune.asceagr.fr\/?page_id=72","url_meta":{"origin":292,"position":2},"title":"L&rsquo;Edition 2015, du 20 au 27 Septembre","author":"chris","date":"23 novembre 2014","format":false,"excerpt":"organis\u00e9e par l'ASCEA\/GR Documents de r\u00e9f\u00e9rence : - Neptune 2015 Pr\u00e9sentation - fichier inscription neptune 2015 - la r\u00e9ponse aux questions que vous vous posez La coupe neptune 2015 (37\u00e8me \u00e9dition) se d\u00e9roulera \u00e0 Galeria en Corse du 20 au 27 septembre 2015 (du Dimanche au Dimanche), pr\u00e8s de Calvi,\u2026","rel":"","context":"Article similaire","block_context":{"text":"Article similaire","link":""},"img":{"alt_text":"Maquette","src":"https:\/\/i0.wp.com\/neptune.asceagr.fr\/wp-content\/uploads\/2014\/09\/Maquette-150x150.jpg?resize=350%2C200","width":350,"height":200},"classes":[]},{"id":142,"url":"https:\/\/neptune.asceagr.fr\/?page_id=142","url_meta":{"origin":292,"position":3},"title":"Coupe Neptune 2015, la r\u00e9ponse aux Questions","author":"chris","date":"12 janvier 2015","format":false,"excerpt":"Dates du S\u00e9jour : les s\u00e9jours \u00e0 Incantu en 2015 se font du dimanche au dimanche, les dates de la coupe Neptune, sont d\u00e9sormais du 20 au 27 septembre 2015 R\u00e8glement\u00a0des pr\u00e9-inscription : Les pr\u00e9-inscriptions sont faites aupr\u00e8s de tous les clubs. Il s\u2019agit maintenant de concr\u00e9tiser ton intention, et\u2026","rel":"","context":"Article similaire","block_context":{"text":"Article similaire","link":""},"img":{"alt_text":"","src":"","width":0,"height":0},"classes":[]},{"id":347,"url":"https:\/\/neptune.asceagr.fr\/?page_id=347","url_meta":{"origin":292,"position":4},"title":"L\u2019Edition 2022","author":"chris","date":"27 octobre 2021","format":false,"excerpt":"\u00a0 La COUPE NEPTUNE 2022, 43i\u00e8me \u00e9dition a \u00e9t\u00e9 organis\u00e9e par l'ASCEA\/GR Section Sports-Sous-Marins, avec l'aide de ses sponsors et des bonnes volont\u00e9s de la section. Dates : du 21 au 25 SEPTEMBRE 2022 Lieu : Boulouris D\u00e9but de l'\u00e9v\u00e8nement le Mercredi 21 Septembre au soir, buffet d\u2019accueil. D\u00e9part le\u2026","rel":"","context":"Article similaire","block_context":{"text":"Article similaire","link":""},"img":{"alt_text":"","src":"","width":0,"height":0},"classes":[]},{"id":39,"url":"https:\/\/neptune.asceagr.fr\/?page_id=39","url_meta":{"origin":292,"position":5},"title":"L&rsquo;Edition 2014","author":"chris","date":"4 septembre 2014","format":false,"excerpt":"\u00a0La coupe Neptune 2014 est organis\u00e9e pour cette ann\u00e9e 2014 par le CESTA du samedi 27 septembre au 1er octobre 2014. Lieu : dans le village vacances\u00a0LEO LAGRANGE de RAMATUELLE, pr\u00e8s de St Tropez Plong\u00e9es organis\u00e9es par le club Cap Camarat Plong\u00e9e . 7 plong\u00e9es pr\u00e9vues Outre les activit\u00e9s vari\u00e9es\u2026","rel":"","context":"Article similaire","block_context":{"text":"Article similaire","link":""},"img":{"alt_text":"(JPG)","src":"https:\/\/i0.wp.com\/plongee.asceagr.fr\/IMG\/jpg\/Image1.jpg?resize=350%2C200","width":350,"height":200},"classes":[]}],"_links":{"self":[{"href":"https:\/\/neptune.asceagr.fr\/index.php?rest_route=\/wp\/v2\/pages\/292","targetHints":{"allow":["GET"]}}],"collection":[{"href":"https:\/\/neptune.asceagr.fr\/index.php?rest_route=\/wp\/v2\/pages"}],"about":[{"href":"https:\/\/neptune.asceagr.fr\/index.php?rest_route=\/wp\/v2\/types\/page"}],"author":[{"embeddable":true,"href":"https:\/\/neptune.asceagr.fr\/index.php?rest_route=\/wp\/v2\/users\/1"}],"replies":[{"embeddable":true,"href":"https:\/\/neptune.asceagr.fr\/index.php?rest_route=%2Fwp%2Fv2%2Fcomments&post=292"}],"version-history":[{"count":3,"href":"https:\/\/neptune.asceagr.fr\/index.php?rest_route=\/wp\/v2\/pages\/292\/revisions"}],"predecessor-version":[{"id":297,"href":"https:\/\/neptune.asceagr.fr\/index.php?rest_route=\/wp\/v2\/pages\/292\/revisions\/297"}],"wp:attachment":[{"href":"https:\/\/neptune.asceagr.fr\/index.php?rest_route=%2Fwp%2Fv2%2Fmedia&parent=292"}],"curies":[{"name":"wp","href":"https:\/\/api.w.org\/{rel}","templated":true}]}}