{"id":279,"date":"2017-03-03T16:28:48","date_gmt":"2017-03-03T14:28:48","guid":{"rendered":"http:\/\/neptune.asceagr.fr\/?page_id=279"},"modified":"2017-03-03T16:35:15","modified_gmt":"2017-03-03T14:35:15","slug":"ledition-2017","status":"publish","type":"page","link":"https:\/\/neptune.asceagr.fr\/?page_id=279","title":{"rendered":"L&rsquo;Edition 2017"},"content":{"rendered":"<h2><strong>La 39\u00e8me coupe Neptune\u00a0est\u00a0organis\u00e9e par SACLAY du mercredi 4 au dimanche 8 Octobre 2017.<\/strong><\/h2>\n<p>Le lieu choisi est l&rsquo;Ile de Porquerolles.<\/p>\n<p>Tous les d\u00e9tails dans les fichiers suivants :<\/p>\n<ul>\n<li>la plaquette :\u00a0<a href=\"http:\/\/neptune.asceagr.fr\/wp-content\/uploads\/2017\/03\/plaquette_NEPTUNE_2017.pdf\">plaquette_NEPTUNE_2017<\/a><\/li>\n<li>la pr\u00e9sentation :\u00a0<a href=\"http:\/\/neptune.asceagr.fr\/wp-content\/uploads\/2017\/03\/presentation_Neptune2017.pdf\">presentation_Neptune2017<\/a><\/li>\n<\/ul>\n","protected":false},"excerpt":{"rendered":"<p>La 39\u00e8me coupe Neptune\u00a0est\u00a0organis\u00e9e par SACLAY du mercredi 4 au dimanche 8 Octobre 2017. Le lieu choisi est l&rsquo;Ile de Porquerolles. Tous les d\u00e9tails dans les fichiers suivants : la plaquette :\u00a0plaquette_NEPTUNE_2017 la pr\u00e9sentation :\u00a0presentation_Neptune2017<\/p>\n","protected":false},"author":1,"featured_media":0,"parent":0,"menu_order":0,"comment_status":"closed","ping_status":"closed","template":"","meta":{"jetpack_post_was_ever_published":false,"footnotes":""},"class_list":["post-279","page","type-page","status-publish","hentry"],"jetpack_sharing_enabled":false,"jetpack_shortlink":"https:\/\/wp.me\/P6R3MT-4v","jetpack-related-posts":[{"id":311,"url":"https:\/\/neptune.asceagr.fr\/?page_id=311","url_meta":{"origin":279,"position":0},"title":"L\u2019Edition 2019","author":"chris","date":"10 mars 2019","format":false,"excerpt":"C'est Grenoble qui organise l'\u00e9dition 2019 de la Coupe Neptune (41 \u00e8me \u00e9dition). La destination retenue\u00a0 est Cerb\u00e8re. Dates : 25 au 29 Septembre 2019 La plaquette de pr\u00e9sentation :\u00a0Plaquette Coupe Neptune 2019 Cerbere Le nombre de participants est limit\u00e9 \u00e0 100 plongeurs ce qui fait 16 places assur\u00e9es par\u2026","rel":"","context":"Article similaire","block_context":{"text":"Article similaire","link":""},"img":{"alt_text":"","src":"","width":0,"height":0},"classes":[]},{"id":325,"url":"https:\/\/neptune.asceagr.fr\/?page_id=325","url_meta":{"origin":279,"position":1},"title":"L\u2019Edition 2020","author":"chris","date":"22 janvier 2020","format":false,"excerpt":"Attention : en raison des divers confinements et autres difficult\u00e9s li\u00e9s \u00e0 la situation COVID, l'\u00e9dition 2020 \/ CESTA \u00e0 la Ciotat : report\u00e9e \u00e0 2021 l'\u00e9dition 2021 \/ CESTA : annul\u00e9e d\u00e9finitivement l'\u00e9dition 2022 : le CESTA renonce. l'ASCEA\/GR devient de fait le prochain organisateur de la coupe ----------------------------\u2026","rel":"","context":"Article similaire","block_context":{"text":"Article similaire","link":""},"img":{"alt_text":"","src":"","width":0,"height":0},"classes":[]},{"id":260,"url":"https:\/\/neptune.asceagr.fr\/?page_id=260","url_meta":{"origin":279,"position":2},"title":"L\u2019Edition 2016","author":"chris","date":"4 janvier 2016","format":false,"excerpt":"La 38\u00e8me coupe Neptune\u00a0est\u00a0organis\u00e9e par PIERRELATTE\u00a0du mercredi 21 au dimanche 25 septembre\u00a02016. Le lieu choisi est\u00a0Cala Montjoi (Espagne, dans la province de la Catalogne). Tous les d\u00e9tails dans le fichier suivant :\u00a0neptune 2016","rel":"","context":"Article similaire","block_context":{"text":"Article similaire","link":""},"img":{"alt_text":"","src":"","width":0,"height":0},"classes":[]},{"id":292,"url":"https:\/\/neptune.asceagr.fr\/?page_id=292","url_meta":{"origin":279,"position":3},"title":"L&rsquo;Edition 2018","author":"chris","date":"30 novembre 2017","format":false,"excerpt":"La COUPE NEPTUNE 2018 se d\u00e9roulera du 03 au 10 novembre et est organis\u00e9e par le club de CADARACHE. La destination, exotique et lointaine, nous am\u00e8nera \u00e0 la MARTINIQUE, au club Pierre et Vacances de Sainte-Luce. la plaquette : 40eme Coupe NEPTUNE 2018 Dix plong\u00e9es sont pr\u00e9vues au programme. Le\u2026","rel":"","context":"Article similaire","block_context":{"text":"Article similaire","link":""},"img":{"alt_text":"","src":"","width":0,"height":0},"classes":[]},{"id":72,"url":"https:\/\/neptune.asceagr.fr\/?page_id=72","url_meta":{"origin":279,"position":4},"title":"L&rsquo;Edition 2015, du 20 au 27 Septembre","author":"chris","date":"23 novembre 2014","format":false,"excerpt":"organis\u00e9e par l'ASCEA\/GR Documents de r\u00e9f\u00e9rence : - Neptune 2015 Pr\u00e9sentation - fichier inscription neptune 2015 - la r\u00e9ponse aux questions que vous vous posez La coupe neptune 2015 (37\u00e8me \u00e9dition) se d\u00e9roulera \u00e0 Galeria en Corse du 20 au 27 septembre 2015 (du Dimanche au Dimanche), pr\u00e8s de Calvi,\u2026","rel":"","context":"Article similaire","block_context":{"text":"Article similaire","link":""},"img":{"alt_text":"Maquette","src":"https:\/\/i0.wp.com\/neptune.asceagr.fr\/wp-content\/uploads\/2014\/09\/Maquette-150x150.jpg?resize=350%2C200","width":350,"height":200},"classes":[]},{"id":534,"url":"https:\/\/neptune.asceagr.fr\/?page_id=534","url_meta":{"origin":279,"position":5},"title":"L&rsquo;Edition 2024","author":"chris","date":"20 novembre 2023","format":false,"excerpt":"L'Edition 2024 de la coupe Neptune est organis\u00e9e par Saclay (45eme Edition) Dates : du Jeudi 3 Octobre (Soir) au Lundi 7 Octobre 2024. Les \u00e9preuves auront lieu les 4\/5\/6\/7 Octobre (arriv\u00e9e dans l\u2019apr\u00e8s-midi du jeudi 3 et d\u00e9part dans l\u2019apr\u00e8s-midi du lundi 7) Lieu : Ile de Porquerolles (M\u00e9diterran\u00e9e,\u2026","rel":"","context":"Article similaire","block_context":{"text":"Article similaire","link":""},"img":{"alt_text":"","src":"https:\/\/i0.wp.com\/neptune.asceagr.fr\/wp-content\/uploads\/2024\/03\/cn2024.jpg?resize=350%2C200&ssl=1","width":350,"height":200,"srcset":"https:\/\/i0.wp.com\/neptune.asceagr.fr\/wp-content\/uploads\/2024\/03\/cn2024.jpg?resize=350%2C200&ssl=1 1x, https:\/\/i0.wp.com\/neptune.asceagr.fr\/wp-content\/uploads\/2024\/03\/cn2024.jpg?resize=525%2C300&ssl=1 1.5x"},"classes":[]}],"_links":{"self":[{"href":"https:\/\/neptune.asceagr.fr\/index.php?rest_route=\/wp\/v2\/pages\/279","targetHints":{"allow":["GET"]}}],"collection":[{"href":"https:\/\/neptune.asceagr.fr\/index.php?rest_route=\/wp\/v2\/pages"}],"about":[{"href":"https:\/\/neptune.asceagr.fr\/index.php?rest_route=\/wp\/v2\/types\/page"}],"author":[{"embeddable":true,"href":"https:\/\/neptune.asceagr.fr\/index.php?rest_route=\/wp\/v2\/users\/1"}],"replies":[{"embeddable":true,"href":"https:\/\/neptune.asceagr.fr\/index.php?rest_route=%2Fwp%2Fv2%2Fcomments&post=279"}],"version-history":[{"count":3,"href":"https:\/\/neptune.asceagr.fr\/index.php?rest_route=\/wp\/v2\/pages\/279\/revisions"}],"predecessor-version":[{"id":284,"href":"https:\/\/neptune.asceagr.fr\/index.php?rest_route=\/wp\/v2\/pages\/279\/revisions\/284"}],"wp:attachment":[{"href":"https:\/\/neptune.asceagr.fr\/index.php?rest_route=%2Fwp%2Fv2%2Fmedia&parent=279"}],"curies":[{"name":"wp","href":"https:\/\/api.w.org\/{rel}","templated":true}]}}