{"id":210,"date":"2015-09-19T15:22:20","date_gmt":"2015-09-19T13:22:20","guid":{"rendered":"http:\/\/neptune.asceagr.fr\/?page_id=210"},"modified":"2015-09-19T15:34:36","modified_gmt":"2015-09-19T13:34:36","slug":"foire-aux-questions","status":"publish","type":"page","link":"https:\/\/neptune.asceagr.fr\/?page_id=210","title":{"rendered":"F.A.Q."},"content":{"rendered":"<p><a href=\"http:\/\/neptune.asceagr.fr\/?page_id=142\">La pr\u00e9sentation en quelques mots<\/a><\/p>\n<p><a href=\"http:\/\/neptune.asceagr.fr\/?p=193\">Le concours photo<\/a><\/p>\n<p><a href=\"http:\/\/neptune.asceagr.fr\/wp-content\/uploads\/2015\/09\/conditions-bagages-AIR-CORSICA-2015.pdf\" target=\"_blank\">Les conseils pour l&rsquo;avion (r\u00e9glementation transport)<\/a><\/p>\n<p><a href=\"http:\/\/neptune.asceagr.fr\/wp-content\/uploads\/2015\/09\/emploi_temps.pdf\" target=\"_blank\">L&#8217;emploi du temps<\/a><\/p>\n","protected":false},"excerpt":{"rendered":"<p>La pr\u00e9sentation en quelques mots Le concours photo Les conseils pour l&rsquo;avion (r\u00e9glementation transport) L&#8217;emploi du temps<\/p>\n","protected":false},"author":1,"featured_media":0,"parent":0,"menu_order":0,"comment_status":"closed","ping_status":"closed","template":"","meta":{"jetpack_post_was_ever_published":false,"footnotes":""},"class_list":["post-210","page","type-page","status-publish","hentry"],"jetpack_sharing_enabled":true,"jetpack_shortlink":"https:\/\/wp.me\/P6R3MT-3o","jetpack-related-posts":[{"id":201,"url":"https:\/\/neptune.asceagr.fr\/?page_id=201","url_meta":{"origin":210,"position":0},"title":"News du jour","author":"chris","date":"17 septembre 2015","format":false,"excerpt":"L'emploi du temps de la rencontre\u00a0 Prochain rendez-vous : le dimanche 20 septembre\u00a0 18h : briefing encadrants & responsables de club 19h : pr\u00e9sentation de la rencontre 20h : repas 21h : le coin de photographes : \"Conseils pour r\u00e9ussir ses photos \" Cette page sera mise \u00e0 jour tous\u2026","rel":"","context":"Article similaire","block_context":{"text":"Article similaire","link":""},"img":{"alt_text":"","src":"","width":0,"height":0},"classes":[]},{"id":142,"url":"https:\/\/neptune.asceagr.fr\/?page_id=142","url_meta":{"origin":210,"position":1},"title":"Coupe Neptune 2015, la r\u00e9ponse aux Questions","author":"chris","date":"12 janvier 2015","format":false,"excerpt":"Dates du S\u00e9jour : les s\u00e9jours \u00e0 Incantu en 2015 se font du dimanche au dimanche, les dates de la coupe Neptune, sont d\u00e9sormais du 20 au 27 septembre 2015 R\u00e8glement\u00a0des pr\u00e9-inscription : Les pr\u00e9-inscriptions sont faites aupr\u00e8s de tous les clubs. Il s\u2019agit maintenant de concr\u00e9tiser ton intention, et\u2026","rel":"","context":"Article similaire","block_context":{"text":"Article similaire","link":""},"img":{"alt_text":"","src":"","width":0,"height":0},"classes":[]},{"id":72,"url":"https:\/\/neptune.asceagr.fr\/?page_id=72","url_meta":{"origin":210,"position":2},"title":"L&rsquo;Edition 2015, du 20 au 27 Septembre","author":"chris","date":"23 novembre 2014","format":false,"excerpt":"organis\u00e9e par l'ASCEA\/GR Documents de r\u00e9f\u00e9rence : - Neptune 2015 Pr\u00e9sentation - fichier inscription neptune 2015 - la r\u00e9ponse aux questions que vous vous posez La coupe neptune 2015 (37\u00e8me \u00e9dition) se d\u00e9roulera \u00e0 Galeria en Corse du 20 au 27 septembre 2015 (du Dimanche au Dimanche), pr\u00e8s de Calvi,\u2026","rel":"","context":"Article similaire","block_context":{"text":"Article similaire","link":""},"img":{"alt_text":"Maquette","src":"https:\/\/i0.wp.com\/neptune.asceagr.fr\/wp-content\/uploads\/2014\/09\/Maquette-150x150.jpg?resize=350%2C200","width":350,"height":200},"classes":[]},{"id":325,"url":"https:\/\/neptune.asceagr.fr\/?page_id=325","url_meta":{"origin":210,"position":3},"title":"L\u2019Edition 2020","author":"chris","date":"22 janvier 2020","format":false,"excerpt":"Attention : en raison des divers confinements et autres difficult\u00e9s li\u00e9s \u00e0 la situation COVID, l'\u00e9dition 2020 \/ CESTA \u00e0 la Ciotat : report\u00e9e \u00e0 2021 l'\u00e9dition 2021 \/ CESTA : annul\u00e9e d\u00e9finitivement l'\u00e9dition 2022 : le CESTA renonce. l'ASCEA\/GR devient de fait le prochain organisateur de la coupe ----------------------------\u2026","rel":"","context":"Article similaire","block_context":{"text":"Article similaire","link":""},"img":{"alt_text":"","src":"","width":0,"height":0},"classes":[]},{"id":311,"url":"https:\/\/neptune.asceagr.fr\/?page_id=311","url_meta":{"origin":210,"position":4},"title":"L\u2019Edition 2019","author":"chris","date":"10 mars 2019","format":false,"excerpt":"C'est Grenoble qui organise l'\u00e9dition 2019 de la Coupe Neptune (41 \u00e8me \u00e9dition). La destination retenue\u00a0 est Cerb\u00e8re. Dates : 25 au 29 Septembre 2019 La plaquette de pr\u00e9sentation :\u00a0Plaquette Coupe Neptune 2019 Cerbere Le nombre de participants est limit\u00e9 \u00e0 100 plongeurs ce qui fait 16 places assur\u00e9es par\u2026","rel":"","context":"Article similaire","block_context":{"text":"Article similaire","link":""},"img":{"alt_text":"","src":"","width":0,"height":0},"classes":[]},{"id":347,"url":"https:\/\/neptune.asceagr.fr\/?page_id=347","url_meta":{"origin":210,"position":5},"title":"L\u2019Edition 2022","author":"chris","date":"27 octobre 2021","format":false,"excerpt":"\u00a0 La COUPE NEPTUNE 2022, 43i\u00e8me \u00e9dition a \u00e9t\u00e9 organis\u00e9e par l'ASCEA\/GR Section Sports-Sous-Marins, avec l'aide de ses sponsors et des bonnes volont\u00e9s de la section. Dates : du 21 au 25 SEPTEMBRE 2022 Lieu : Boulouris D\u00e9but de l'\u00e9v\u00e8nement le Mercredi 21 Septembre au soir, buffet d\u2019accueil. D\u00e9part le\u2026","rel":"","context":"Article similaire","block_context":{"text":"Article similaire","link":""},"img":{"alt_text":"","src":"","width":0,"height":0},"classes":[]}],"_links":{"self":[{"href":"https:\/\/neptune.asceagr.fr\/index.php?rest_route=\/wp\/v2\/pages\/210","targetHints":{"allow":["GET"]}}],"collection":[{"href":"https:\/\/neptune.asceagr.fr\/index.php?rest_route=\/wp\/v2\/pages"}],"about":[{"href":"https:\/\/neptune.asceagr.fr\/index.php?rest_route=\/wp\/v2\/types\/page"}],"author":[{"embeddable":true,"href":"https:\/\/neptune.asceagr.fr\/index.php?rest_route=\/wp\/v2\/users\/1"}],"replies":[{"embeddable":true,"href":"https:\/\/neptune.asceagr.fr\/index.php?rest_route=%2Fwp%2Fv2%2Fcomments&post=210"}],"version-history":[{"count":4,"href":"https:\/\/neptune.asceagr.fr\/index.php?rest_route=\/wp\/v2\/pages\/210\/revisions"}],"predecessor-version":[{"id":217,"href":"https:\/\/neptune.asceagr.fr\/index.php?rest_route=\/wp\/v2\/pages\/210\/revisions\/217"}],"wp:attachment":[{"href":"https:\/\/neptune.asceagr.fr\/index.php?rest_route=%2Fwp%2Fv2%2Fmedia&parent=210"}],"curies":[{"name":"wp","href":"https:\/\/api.w.org\/{rel}","templated":true}]}}