{"id":142,"date":"2015-01-12T20:18:38","date_gmt":"2015-01-12T18:18:38","guid":{"rendered":"http:\/\/neptune.asceagr.fr\/?page_id=142"},"modified":"2015-09-19T15:24:46","modified_gmt":"2015-09-19T13:24:46","slug":"coupe-neptune-2015-la-reponses-au-questions","status":"publish","type":"page","link":"https:\/\/neptune.asceagr.fr\/?page_id=142","title":{"rendered":"Coupe Neptune 2015, la r\u00e9ponse aux Questions"},"content":{"rendered":"<p><strong>Dates du S\u00e9jour :<\/strong><\/p>\n<p>les s\u00e9jours \u00e0 Incantu en 2015 se font du dimanche au dimanche, les dates de la coupe Neptune, sont d\u00e9sormais <span style=\"color: #ff0000;\"><strong>du 20 au 27 septembre 2015<\/strong><\/span><\/p>\n<p><b>R\u00e8glement<\/b><strong>\u00a0des pr\u00e9-inscription :<\/strong><\/p>\n<p>Les pr\u00e9-inscriptions sont faites aupr\u00e8s de tous les clubs. Il s\u2019agit maintenant de concr\u00e9tiser ton intention, et donc de faire le premier versement de :<br \/>\n\u2022 <strong>250 \u20ac<\/strong> pour les plongeurs (de tout niveau : encadrant ou non)<br \/>\n\u2022 <strong>150 \u20ac<\/strong> pour les accompagnants.<\/p>\n<p>Nous te demandons de bien vouloir effectuer le r\u00e8glement avant le 15 f\u00e9vrier 2015.<\/p>\n<p><strong>HEBERGEMENT :<\/strong><\/p>\n<p>Incantu poss\u00e8de 67 couchages, le compl\u00e9ment sera assur\u00e9 par les h\u00f4tels de Galeria, comme en 2009.<br \/>\nPour celles et ceux qui sont venus en 2009, il y a quelques changements dans l\u2019am\u00e9nagement. Les salles de bains des appartements ont \u00e9t\u00e9 modifi\u00e9es, les WC sont d\u00e9sormais ind\u00e9pendants.<br \/>\nNous avons fait part du fait que nous pr\u00e9f\u00e9rerions r\u00e9duire \u00e0 5 le nombre de personnes dans les appartements de 6. Ils seront am\u00e9nag\u00e9s soit en 2 chambres de 2 et une personne dans le salon, soit une chambre de 2 et une chambre de 3. La r\u00e9partition des chambres se fera ult\u00e9rieurement.<\/p>\n<p><strong>TRANSPORT AERIEN :<\/strong><\/p>\n<p>Le transport se fera avec Air Corsica.<br \/>\nPour celles et ceux qui souhaitent s\u00e9journer plus longtemps, il n\u2019y aucun souci (avant ou apr\u00e8s le s\u00e9jour). Toutefois, pour les personnes qui utilisent un transport a\u00e9rien g\u00e9r\u00e9 par Incantu, il faudra que les d\u00e9parts et arriv\u00e9es soient un dimanche.<\/p>\n<p><strong>TRANSPORT DES SACS DE PLONGEE :<\/strong><\/p>\n<p>Dans la convention que nous signons avec INCANTU, voici les articles relevant \u2026 du poids des bagages, sujet cher aux plongeurs voyageant en avion :<\/p>\n<p><span style=\"color: #3366ff;\"><strong>Pour les plongeurs, le co\u00fbt de transport du sac de plong\u00e9e est de 40 euros pour l\u2019aller et le retour. Cette prestation \u00ab \u00e9quipement sportif \u00bb vous permet de voyager en toute tranquillit\u00e9. Cette prestation sera factur\u00e9e pour tous les plongeurs d\u00e9passant les 23 kg en soute +12 kg en cabine.<\/strong><\/span><\/p>\n<p>Sur le site d\u2019Air Corsica, un deuxi\u00e8me bagage co\u00fbte aussi 20 \u20ac par vol. De plus, les clients Flying Blue, Silver, Gold, Platinium b\u00e9n\u00e9ficient gratuitement d\u2019une pi\u00e8ce de bagage suppl\u00e9mentaire de 23kg.<\/p>\n<p><strong>PLONGEE :<\/strong><\/p>\n<p>Il y aura une journ\u00e9e de repos au milieu du s\u00e9jour pour les plongeurs (mercredi pour une moiti\u00e9, jeudi pour l\u2019autre).<br \/>\nLe nitrox sera \u00e0 8 euros par plong\u00e9e.<\/p>\n<p><strong>ANIMATIONS PENDANT LE SEJOUR :<\/strong><\/p>\n<p>Pour les visites, le programme est souple. Nous ferons un sondage aupr\u00e8s de participants souhaitant des visites ult\u00e9rieurement. Voici, cependant, quelques possibilit\u00e9s :<br \/>\n\u2022 Randonn\u00e9e subaquatique \u00e0 Scandola (1\/2 journ\u00e9e ou journ\u00e9e compl\u00e9mentaire)<br \/>\n\u2022 Visite de Calvi<br \/>\n\u2022 D\u00e9couverte de Piana et de Porto<br \/>\n\u2022 visite des villages de Balagne avec par exemple, arr\u00eat chez Orsini pour d\u00e9guster produits locaux (vin, confitures,&#8230;)<br \/>\n\u2022 D\u00e9couverte du Fangu et de ses alentours (Journ\u00e9e compl\u00e8te)<br \/>\nPour tous, une pr\u00e9sentation de la r\u00e9serve de Scandola sera faite par son responsable (Jean-Marie Dominici).<br \/>\nPour les plongeurs, nous avons fait une demande aupr\u00e8s d\u2019Incantu pour avoir un scubapro days, \u00e0 nouveau.<\/p>\n<p><strong>CONDITIONS D\u2019ANNULATION :<\/strong><\/p>\n<p>En ce qui concerne les conditions d\u2019annulation, voici ce que pr\u00e9voit notre convention avec Incantu :<\/p>\n<p><strong><span style=\"color: #3366ff;\">S\u00e9jour annul\u00e9, sans changement de nom (remplacement d\u2019une personne par une autre) : <\/span><\/strong><br \/>\n<strong><span style=\"color: #3366ff;\">&#8211; Entre 100 et 60 jours avant le d\u00e9part : au-del\u00e0 des 10 % d\u2019annulation autoris\u00e9e : 100 euros par place annul\u00e9e <\/span><\/strong><br \/>\n<strong><span style=\"color: #3366ff;\">&#8211; Entre 60 et 45 jours avant le d\u00e9part : le montant du billet d\u2019avion devra \u00eatre r\u00e9gl\u00e9 <\/span><\/strong><br \/>\n<strong><span style=\"color: #3366ff;\">&#8211; Entre 45 et 30 jours avant le d\u00e9part : 50% de chaque s\u00e9jour annul\u00e9 sera d\u00fb <\/span><\/strong><br \/>\n<strong><span style=\"color: #3366ff;\">&#8211; Moins de 30 jours avant le d\u00e9part : 100% du s\u00e9jour sera retenu<\/span><\/strong><\/p>\n<p><strong><span style=\"color: #3366ff;\">S\u00e9jour annul\u00e9 avec un remplacement de personne (changement de nom)<\/span><\/strong><br \/>\n<strong><span style=\"color: #3366ff;\">&#8211; Entre 60 et 30 jours avant le d\u00e9part : Changement de nom possible et sans frais <\/span><\/strong><br \/>\n<strong><span style=\"color: #3366ff;\">&#8211; Entre 29 jours et le d\u00e9part : Changement de nom possible avec 50 \u20ac de frais<\/span> <\/strong><\/p>\n<p>&nbsp;<\/p>\n<p>&nbsp;<\/p>\n<p>&nbsp;<\/p>\n<p>&nbsp;<\/p>\n<p>&nbsp;<\/p>\n<p>&nbsp;<\/p>\n<p>&nbsp;<\/p>\n<p>&nbsp;<\/p>\n","protected":false},"excerpt":{"rendered":"<p>Dates du S\u00e9jour : les s\u00e9jours \u00e0 Incantu en 2015 se font du dimanche au dimanche, les dates de la coupe Neptune, sont d\u00e9sormais du 20 au 27 septembre 2015 R\u00e8glement\u00a0des pr\u00e9-inscription : Les pr\u00e9-inscriptions sont faites aupr\u00e8s de tous les clubs. Il s\u2019agit maintenant de concr\u00e9tiser ton intention, et donc de faire le premier [&hellip;]<\/p>\n","protected":false},"author":1,"featured_media":0,"parent":210,"menu_order":0,"comment_status":"closed","ping_status":"open","template":"","meta":{"jetpack_post_was_ever_published":false,"footnotes":""},"class_list":["post-142","page","type-page","status-publish","hentry"],"jetpack_sharing_enabled":true,"jetpack_shortlink":"https:\/\/wp.me\/P6R3MT-2i","jetpack-related-posts":[{"id":72,"url":"https:\/\/neptune.asceagr.fr\/?page_id=72","url_meta":{"origin":142,"position":0},"title":"L&rsquo;Edition 2015, du 20 au 27 Septembre","author":"chris","date":"23 novembre 2014","format":false,"excerpt":"organis\u00e9e par l'ASCEA\/GR Documents de r\u00e9f\u00e9rence : - Neptune 2015 Pr\u00e9sentation - fichier inscription neptune 2015 - la r\u00e9ponse aux questions que vous vous posez La coupe neptune 2015 (37\u00e8me \u00e9dition) se d\u00e9roulera \u00e0 Galeria en Corse du 20 au 27 septembre 2015 (du Dimanche au Dimanche), pr\u00e8s de Calvi,\u2026","rel":"","context":"Article similaire","block_context":{"text":"Article similaire","link":""},"img":{"alt_text":"Maquette","src":"https:\/\/i0.wp.com\/neptune.asceagr.fr\/wp-content\/uploads\/2014\/09\/Maquette-150x150.jpg?resize=350%2C200","width":350,"height":200},"classes":[]},{"id":325,"url":"https:\/\/neptune.asceagr.fr\/?page_id=325","url_meta":{"origin":142,"position":1},"title":"L\u2019Edition 2020","author":"chris","date":"22 janvier 2020","format":false,"excerpt":"Attention : en raison des divers confinements et autres difficult\u00e9s li\u00e9s \u00e0 la situation COVID, l'\u00e9dition 2020 \/ CESTA \u00e0 la Ciotat : report\u00e9e \u00e0 2021 l'\u00e9dition 2021 \/ CESTA : annul\u00e9e d\u00e9finitivement l'\u00e9dition 2022 : le CESTA renonce. l'ASCEA\/GR devient de fait le prochain organisateur de la coupe ----------------------------\u2026","rel":"","context":"Article similaire","block_context":{"text":"Article similaire","link":""},"img":{"alt_text":"","src":"","width":0,"height":0},"classes":[]},{"id":311,"url":"https:\/\/neptune.asceagr.fr\/?page_id=311","url_meta":{"origin":142,"position":2},"title":"L\u2019Edition 2019","author":"chris","date":"10 mars 2019","format":false,"excerpt":"C'est Grenoble qui organise l'\u00e9dition 2019 de la Coupe Neptune (41 \u00e8me \u00e9dition). La destination retenue\u00a0 est Cerb\u00e8re. Dates : 25 au 29 Septembre 2019 La plaquette de pr\u00e9sentation :\u00a0Plaquette Coupe Neptune 2019 Cerbere Le nombre de participants est limit\u00e9 \u00e0 100 plongeurs ce qui fait 16 places assur\u00e9es par\u2026","rel":"","context":"Article similaire","block_context":{"text":"Article similaire","link":""},"img":{"alt_text":"","src":"","width":0,"height":0},"classes":[]},{"id":292,"url":"https:\/\/neptune.asceagr.fr\/?page_id=292","url_meta":{"origin":142,"position":3},"title":"L&rsquo;Edition 2018","author":"chris","date":"30 novembre 2017","format":false,"excerpt":"La COUPE NEPTUNE 2018 se d\u00e9roulera du 03 au 10 novembre et est organis\u00e9e par le club de CADARACHE. La destination, exotique et lointaine, nous am\u00e8nera \u00e0 la MARTINIQUE, au club Pierre et Vacances de Sainte-Luce. la plaquette : 40eme Coupe NEPTUNE 2018 Dix plong\u00e9es sont pr\u00e9vues au programme. Le\u2026","rel":"","context":"Article similaire","block_context":{"text":"Article similaire","link":""},"img":{"alt_text":"","src":"","width":0,"height":0},"classes":[]},{"id":347,"url":"https:\/\/neptune.asceagr.fr\/?page_id=347","url_meta":{"origin":142,"position":4},"title":"L\u2019Edition 2022","author":"chris","date":"27 octobre 2021","format":false,"excerpt":"\u00a0 La COUPE NEPTUNE 2022, 43i\u00e8me \u00e9dition a \u00e9t\u00e9 organis\u00e9e par l'ASCEA\/GR Section Sports-Sous-Marins, avec l'aide de ses sponsors et des bonnes volont\u00e9s de la section. Dates : du 21 au 25 SEPTEMBRE 2022 Lieu : Boulouris D\u00e9but de l'\u00e9v\u00e8nement le Mercredi 21 Septembre au soir, buffet d\u2019accueil. D\u00e9part le\u2026","rel":"","context":"Article similaire","block_context":{"text":"Article similaire","link":""},"img":{"alt_text":"","src":"","width":0,"height":0},"classes":[]},{"id":39,"url":"https:\/\/neptune.asceagr.fr\/?page_id=39","url_meta":{"origin":142,"position":5},"title":"L&rsquo;Edition 2014","author":"chris","date":"4 septembre 2014","format":false,"excerpt":"\u00a0La coupe Neptune 2014 est organis\u00e9e pour cette ann\u00e9e 2014 par le CESTA du samedi 27 septembre au 1er octobre 2014. Lieu : dans le village vacances\u00a0LEO LAGRANGE de RAMATUELLE, pr\u00e8s de St Tropez Plong\u00e9es organis\u00e9es par le club Cap Camarat Plong\u00e9e . 7 plong\u00e9es pr\u00e9vues Outre les activit\u00e9s vari\u00e9es\u2026","rel":"","context":"Article similaire","block_context":{"text":"Article similaire","link":""},"img":{"alt_text":"(JPG)","src":"https:\/\/i0.wp.com\/plongee.asceagr.fr\/IMG\/jpg\/Image1.jpg?resize=350%2C200","width":350,"height":200},"classes":[]}],"_links":{"self":[{"href":"https:\/\/neptune.asceagr.fr\/index.php?rest_route=\/wp\/v2\/pages\/142","targetHints":{"allow":["GET"]}}],"collection":[{"href":"https:\/\/neptune.asceagr.fr\/index.php?rest_route=\/wp\/v2\/pages"}],"about":[{"href":"https:\/\/neptune.asceagr.fr\/index.php?rest_route=\/wp\/v2\/types\/page"}],"author":[{"embeddable":true,"href":"https:\/\/neptune.asceagr.fr\/index.php?rest_route=\/wp\/v2\/users\/1"}],"replies":[{"embeddable":true,"href":"https:\/\/neptune.asceagr.fr\/index.php?rest_route=%2Fwp%2Fv2%2Fcomments&post=142"}],"version-history":[{"count":4,"href":"https:\/\/neptune.asceagr.fr\/index.php?rest_route=\/wp\/v2\/pages\/142\/revisions"}],"predecessor-version":[{"id":149,"href":"https:\/\/neptune.asceagr.fr\/index.php?rest_route=\/wp\/v2\/pages\/142\/revisions\/149"}],"up":[{"embeddable":true,"href":"https:\/\/neptune.asceagr.fr\/index.php?rest_route=\/wp\/v2\/pages\/210"}],"wp:attachment":[{"href":"https:\/\/neptune.asceagr.fr\/index.php?rest_route=%2Fwp%2Fv2%2Fmedia&parent=142"}],"curies":[{"name":"wp","href":"https:\/\/api.w.org\/{rel}","templated":true}]}}