{"id":14,"date":"2014-09-03T16:15:27","date_gmt":"2014-09-03T14:15:27","guid":{"rendered":"http:\/\/neptune.asceagr.fr\/?page_id=14"},"modified":"2026-03-11T15:42:42","modified_gmt":"2026-03-11T13:42:42","slug":"historique","status":"publish","type":"page","link":"https:\/\/neptune.asceagr.fr\/?page_id=14","title":{"rendered":"Historique"},"content":{"rendered":"<p><em><strong>1\u00e8re \u00a0&#8211; \u00a01979\u00a0 VAUJOURS\u00a0 SAINTE-MARGUERITE<\/strong><\/em><\/p>\n<p><em><strong>2\u00e8me \u00a0&#8211; \u00a01980\u00a0 VAUJOURS\u00a0 SAINTE-MARGUERITE<\/strong><\/em><\/p>\n<p><em><strong>3\u00e8me \u00a0&#8211; \u00a01981\u00a0 LIMEIL\u00a0 CIP GOLFE JUAN<\/strong><\/em><\/p>\n<p><em><strong>4\u00e8me \u00a0&#8211; \u00a01982\u00a0 ASCEA-GR\u00a0 CIP NICE<\/strong><\/em><\/p>\n<p><em><strong>5\u00e8me \u00a0&#8211; \u00a01983\u00a0 SACLAY\u00a0 THEOULE<\/strong><\/em><\/p>\n<p><em><strong>6\u00e8me \u00a0&#8211; \u00a01984\u00a0 SACLAY\u00a0 SAINT-JEAN CAP FERRAT<\/strong><\/em><\/p>\n<p><em><strong>7\u00e8me \u00a0&#8211; \u00a01985\u00a0 LE RIPAULT\u00a0 SAINT-TROPEZ<\/strong><\/em><\/p>\n<p><em><strong>8\u00e8me \u00a0&#8211; \u00a01986\u00a0 LIMEIL\u00a0 CIP GOLFE JUAN<\/strong><\/em><\/p>\n<p><em><strong>9\u00e8me \u00a0&#8211; \u00a01987\u00a0 GRENOBLE\u00a0 LE LAVANDOU<\/strong><\/em><\/p>\n<p><em><strong>10\u00e8me \u00a0&#8211; \u00a01988\u00a0 ASCEA-GR\u00a0 THEOULE<\/strong><\/em><\/p>\n<p><em><strong>11\u00e8me \u00a0&#8211; \u00a01989\u00a0 SACLAY\u00a0 CARQUEIRANNE<\/strong><\/em><\/p>\n<p><em><strong>12\u00e8me \u00a0&#8211; \u00a01990\u00a0 GRENOBLE\u00a0 L&rsquo;ESTARTIT<\/strong><\/em><\/p>\n<p><em><strong>13\u00e8me \u00a0&#8211; \u00a01991\u00a0 LIMEIL\u00a0 GOLFE JUAN<\/strong><\/em><\/p>\n<p><em><strong>14\u00e8me \u00a0&#8211; \u00a01992\u00a0 SACLAY\u00a0 BORMES LES MIMOSAS<\/strong><\/em><\/p>\n<p><em><strong>15\u00e8me \u00a0&#8211; \u00a01993\u00a0 ASCEA-GR\u00a0 GIENS<\/strong><\/em><\/p>\n<p><em><strong>16\u00e8me \u00a0&#8211; \u00a01994\u00a0 ASCEA-GR\/SACLAY\u00a0 PORT DE LA SELVA<\/strong><\/em><\/p>\n<p><em><strong>17\u00e8me \u00a0&#8211; \u00a01995\u00a0 LE RIPAULT\u00a0 ROSAS<\/strong><\/em><\/p>\n<p><em><strong>18\u00e8me \u00a0&#8211; \u00a01996\u00a0 MARCOULE\u00a0 LE LAVANDOU<\/strong><\/em><\/p>\n<p><em><strong>19\u00e8me \u00a0&#8211; \u00a01997\u00a0 CESTA\u00a0 ARCACHON<\/strong><\/em><\/p>\n<p><em><strong>20\u00e8me \u00a0&#8211; \u00a01998\u00a0 ASCEA-GR\u00a0 L&rsquo;ESTARTIT<\/strong><\/em><\/p>\n<p><em><strong>21\u00e8me \u00a0&#8211; \u00a01999\u00a0 PIERRELATTE\u00a0 PRESQU&rsquo;ILE DE GIENS<\/strong><\/em><\/p>\n<p><em><strong>22\u00e8me \u00a0&#8211; \u00a02000\u00a0 SACLAY\u00a0 L&rsquo;ESTARTIT<\/strong><\/em><\/p>\n<p><em><strong>23\u00e8me \u00a0&#8211; \u00a02001\u00a0 LE RIPAULT\u00a0 PORTICCIO<\/strong><\/em><\/p>\n<p><em><strong>24\u00e8me \u00a0&#8211; \u00a02002\u00a0 CESTA\u00a0 CAMARET<\/strong><\/em><\/p>\n<p><em><strong>25\u00e8me \u00a0&#8211; \u00a02003\u00a0 MARCOULE\u00a0 BANYULS<\/strong><\/em><\/p>\n<p><em><strong>26\u00e8me \u00a0&#8211; \u00a02004\u00a0 ASCEA-GR\u00a0 PROPRIANO<\/strong><\/em><\/p>\n<p><em><strong>27\u00e8me \u00a0&#8211; \u00a02005 \u00a0 PIERRELATTE\u00a0 CALA MONTJOI<\/strong><\/em><\/p>\n<p><em><strong>28\u00e8me \u00a0&#8211; \u00a02006\u00a0 SACLAY\u00a0 TABARKA<\/strong><\/em><\/p>\n<p><em><strong>29\u00e8me \u00a0&#8211; \u00a02007\u00a0 CESTA\u00a0 NIOLON<\/strong><\/em><\/p>\n<p><em><strong>30\u00e8me \u00a0&#8211; \u00a02008\u00a0 MARCOULE\u00a0 HURGHADA<\/strong><\/em><\/p>\n<p><em><strong>31\u00e8me \u00a0&#8211; \u00a02009\u00a0 ASCEA\/GR\u00a0 GALERIA<\/strong><\/em><\/p>\n<p><em><strong>32\u00e8me \u00a0&#8211; \u00a02010\u00a0PIERRELATTE \u00a0 ESTARTIT<\/strong><\/em><\/p>\n<p><em><strong>33\u00e8me \u00a0&#8211; \u00a02011 33 SACLAY &#8211; ILE DE PORQUEROLLES<\/strong><\/em><\/p>\n<p><em><strong>34\u00e8me \u00a0&#8211; \u00a02012 CADARACHE &#8211; SAINT-RAPHAEL<\/strong><\/em><\/p>\n<p><em><strong>35\u00e8me \u00a0&#8211; \u00a02013 GRENOBLE &#8211; CERBERE<\/strong><\/em><\/p>\n<p><em><strong>36\u00e8me \u00a0&#8211; \u00a02014 CESTA RAMATUELLE &#8211; SAINT-TROPEZ<\/strong><\/em><\/p>\n<p><em><strong>37\u00e8me \u00a0&#8211; \u00a02015\u00a0ASCEA\/GR\u00a0 GALERIA<\/strong><\/em><\/p>\n<p><em><strong>38\u00e8me\u00a0 &#8211;\u00a0 2016 PIERRELATTE Cala Montjoi, Espagne<\/strong><\/em><\/p>\n<p><em><strong>39\u00e8me\u00a0 &#8211;\u00a0 2017 SACLAY- Ile de Porquerolles<\/strong><\/em><\/p>\n<p><em><strong>40\u00e8me\u00a0 &#8211;\u00a0 2018 CADARACHE &#8211; Sainte-Luce, MARTINIQUE<\/strong><\/em><\/p>\n<p><em><strong>41\u00e8me\u00a0 &#8211;\u00a0 2019 GRENOBLE &#8211; Cerbere<\/strong><\/em><\/p>\n<p><strong><em>42\u00e8me\u00a0 &#8211;\u00a0 2020 CESTA &#8211; La Ciotat <span style=\"color: #ff0000;\">Annul\u00e9e<\/span> COVID19<\/em><\/strong><\/p>\n<p><strong><em>42\u00e8me\u00a0 &#8211;\u00a0 2021 CESTA &#8211; <span style=\"color: #ff0000;\">Annul\u00e9e<\/span> sur probl\u00e8me d&rsquo;organisation &amp; COVID19<\/em><\/strong><\/p>\n<p><strong><em>43\u00e8me\u00a0 &#8211;\u00a0 2022 ASCEA-GR &#8211; BOULOURIS<\/em><\/strong><\/p>\n<p><em><strong>44\u00e8me\u00a0 &#8211;\u00a0 2023 PIERRELATTE &#8211; ESTARTIT<\/strong><\/em><\/p>\n<p><em><strong>45\u00e8me\u00a0 &#8211;\u00a0 2024 SACLAY- ILE DE PORQUEROLLES<\/strong><\/em><\/p>\n<p><em><strong>46\u00e8me\u00a0 &#8211;\u00a0 2025 CADARACHE &#8211; LANZAROTTE<\/strong><\/em><\/p>\n<p><em><strong>47\u00e8me\u00a0 &#8211;\u00a0 2026 GRENOBLE &#8211; ARZON<\/strong><\/em><\/p>\n<p>&nbsp;<\/p>\n<p><em><strong>\u00a0<\/strong><\/em><\/p>\n","protected":false},"excerpt":{"rendered":"<p>1\u00e8re \u00a0&#8211; \u00a01979\u00a0 VAUJOURS\u00a0 SAINTE-MARGUERITE 2\u00e8me \u00a0&#8211; \u00a01980\u00a0 VAUJOURS\u00a0 SAINTE-MARGUERITE 3\u00e8me \u00a0&#8211; \u00a01981\u00a0 LIMEIL\u00a0 CIP GOLFE JUAN 4\u00e8me \u00a0&#8211; \u00a01982\u00a0 ASCEA-GR\u00a0 CIP NICE 5\u00e8me \u00a0&#8211; \u00a01983\u00a0 SACLAY\u00a0 THEOULE 6\u00e8me \u00a0&#8211; \u00a01984\u00a0 SACLAY\u00a0 SAINT-JEAN CAP FERRAT 7\u00e8me \u00a0&#8211; \u00a01985\u00a0 LE RIPAULT\u00a0 SAINT-TROPEZ 8\u00e8me \u00a0&#8211; \u00a01986\u00a0 LIMEIL\u00a0 CIP GOLFE JUAN 9\u00e8me \u00a0&#8211; \u00a01987\u00a0 GRENOBLE\u00a0 LE LAVANDOU 10\u00e8me [&hellip;]<\/p>\n","protected":false},"author":1,"featured_media":0,"parent":0,"menu_order":0,"comment_status":"closed","ping_status":"open","template":"","meta":{"jetpack_post_was_ever_published":false,"footnotes":""},"class_list":["post-14","page","type-page","status-publish","hentry"],"jetpack_sharing_enabled":true,"jetpack_shortlink":"https:\/\/wp.me\/P6R3MT-e","jetpack-related-posts":[{"id":534,"url":"https:\/\/neptune.asceagr.fr\/?page_id=534","url_meta":{"origin":14,"position":0},"title":"L&rsquo;Edition 2024","author":"chris","date":"20 novembre 2023","format":false,"excerpt":"L'Edition 2024 de la coupe Neptune est organis\u00e9e par Saclay (45eme Edition) Dates : du Jeudi 3 Octobre (Soir) au Lundi 7 Octobre 2024. Les \u00e9preuves auront lieu les 4\/5\/6\/7 Octobre (arriv\u00e9e dans l\u2019apr\u00e8s-midi du jeudi 3 et d\u00e9part dans l\u2019apr\u00e8s-midi du lundi 7) Lieu : Ile de Porquerolles (M\u00e9diterran\u00e9e,\u2026","rel":"","context":"Article similaire","block_context":{"text":"Article similaire","link":""},"img":{"alt_text":"","src":"https:\/\/i0.wp.com\/neptune.asceagr.fr\/wp-content\/uploads\/2024\/03\/cn2024.jpg?resize=350%2C200&ssl=1","width":350,"height":200,"srcset":"https:\/\/i0.wp.com\/neptune.asceagr.fr\/wp-content\/uploads\/2024\/03\/cn2024.jpg?resize=350%2C200&ssl=1 1x, https:\/\/i0.wp.com\/neptune.asceagr.fr\/wp-content\/uploads\/2024\/03\/cn2024.jpg?resize=525%2C300&ssl=1 1.5x"},"classes":[]},{"id":245,"url":"https:\/\/neptune.asceagr.fr\/?page_id=245","url_meta":{"origin":14,"position":1},"title":"R\u00e9sultats du concours photo","author":"chris","date":"9 octobre 2015","format":false,"excerpt":"(cliquer sur la photo pour l'agrandir) Concours terrestre : 1er Prix : Fran\u00e7ois HABLIZIG (CESTA) \u00a0 2\u00e8me prix : Christian LE BRETON (ASCEA GR) \u00a0 3\u00e8me Prix : Jean-Christophe CHAMPION (ASCEA GR) \u00a0 \u00a0 Prix de l'originalit\u00e9 : Isabelle TESTARD (GRENOBLE) \u00a0 Prix\u00a0de l'humour : Jean-Pierre AUBERT (GRENOBLE) \u00a0 Concours\u2026","rel":"","context":"Article similaire","block_context":{"text":"Article similaire","link":""},"img":{"alt_text":"18 Habilizig francois Porto_3_tn_vignette","src":"https:\/\/i0.wp.com\/neptune.asceagr.fr\/wp-content\/uploads\/2015\/10\/18-Habilizig-francois-Porto_3_tn_vignette-300x213.jpg?resize=350%2C200","width":350,"height":200},"classes":[]},{"id":39,"url":"https:\/\/neptune.asceagr.fr\/?page_id=39","url_meta":{"origin":14,"position":2},"title":"L&rsquo;Edition 2014","author":"chris","date":"4 septembre 2014","format":false,"excerpt":"\u00a0La coupe Neptune 2014 est organis\u00e9e pour cette ann\u00e9e 2014 par le CESTA du samedi 27 septembre au 1er octobre 2014. Lieu : dans le village vacances\u00a0LEO LAGRANGE de RAMATUELLE, pr\u00e8s de St Tropez Plong\u00e9es organis\u00e9es par le club Cap Camarat Plong\u00e9e . 7 plong\u00e9es pr\u00e9vues Outre les activit\u00e9s vari\u00e9es\u2026","rel":"","context":"Article similaire","block_context":{"text":"Article similaire","link":""},"img":{"alt_text":"(JPG)","src":"https:\/\/i0.wp.com\/plongee.asceagr.fr\/IMG\/jpg\/Image1.jpg?resize=350%2C200","width":350,"height":200},"classes":[]},{"id":279,"url":"https:\/\/neptune.asceagr.fr\/?page_id=279","url_meta":{"origin":14,"position":3},"title":"L&rsquo;Edition 2017","author":"chris","date":"3 mars 2017","format":false,"excerpt":"La 39\u00e8me coupe Neptune\u00a0est\u00a0organis\u00e9e par SACLAY du mercredi 4 au dimanche 8 Octobre 2017. Le lieu choisi est l'Ile de Porquerolles. Tous les d\u00e9tails dans les fichiers suivants : la plaquette :\u00a0plaquette_NEPTUNE_2017 la pr\u00e9sentation :\u00a0presentation_Neptune2017","rel":"","context":"Article similaire","block_context":{"text":"Article similaire","link":""},"img":{"alt_text":"","src":"","width":0,"height":0},"classes":[]},{"id":128,"url":"https:\/\/neptune.asceagr.fr\/?page_id=128","url_meta":{"origin":14,"position":4},"title":"C\u2019est Quoi  ?","author":"chris","date":"27 novembre 2014","format":false,"excerpt":"- Une Rencontre de plong\u00e9e sous-marine inter-centres des A.S. CEA & Areva - Qui regroupe g\u00e9n\u00e9ralement autour de 100\/120 Participants dont pr\u00e8s d'une centaine de plongeurs - Qui se passe chaque ann\u00e9e en septembre - Qui est organis\u00e9e \u00e0 tour de r\u00f4le par les centres participants - Dans un lieu\u2026","rel":"","context":"Article similaire","block_context":{"text":"Article similaire","link":""},"img":{"alt_text":"","src":"","width":0,"height":0},"classes":[]},{"id":72,"url":"https:\/\/neptune.asceagr.fr\/?page_id=72","url_meta":{"origin":14,"position":5},"title":"L&rsquo;Edition 2015, du 20 au 27 Septembre","author":"chris","date":"23 novembre 2014","format":false,"excerpt":"organis\u00e9e par l'ASCEA\/GR Documents de r\u00e9f\u00e9rence : - Neptune 2015 Pr\u00e9sentation - fichier inscription neptune 2015 - la r\u00e9ponse aux questions que vous vous posez La coupe neptune 2015 (37\u00e8me \u00e9dition) se d\u00e9roulera \u00e0 Galeria en Corse du 20 au 27 septembre 2015 (du Dimanche au Dimanche), pr\u00e8s de Calvi,\u2026","rel":"","context":"Article similaire","block_context":{"text":"Article similaire","link":""},"img":{"alt_text":"Maquette","src":"https:\/\/i0.wp.com\/neptune.asceagr.fr\/wp-content\/uploads\/2014\/09\/Maquette-150x150.jpg?resize=350%2C200","width":350,"height":200},"classes":[]}],"_links":{"self":[{"href":"https:\/\/neptune.asceagr.fr\/index.php?rest_route=\/wp\/v2\/pages\/14","targetHints":{"allow":["GET"]}}],"collection":[{"href":"https:\/\/neptune.asceagr.fr\/index.php?rest_route=\/wp\/v2\/pages"}],"about":[{"href":"https:\/\/neptune.asceagr.fr\/index.php?rest_route=\/wp\/v2\/types\/page"}],"author":[{"embeddable":true,"href":"https:\/\/neptune.asceagr.fr\/index.php?rest_route=\/wp\/v2\/users\/1"}],"replies":[{"embeddable":true,"href":"https:\/\/neptune.asceagr.fr\/index.php?rest_route=%2Fwp%2Fv2%2Fcomments&post=14"}],"version-history":[{"count":14,"href":"https:\/\/neptune.asceagr.fr\/index.php?rest_route=\/wp\/v2\/pages\/14\/revisions"}],"predecessor-version":[{"id":585,"href":"https:\/\/neptune.asceagr.fr\/index.php?rest_route=\/wp\/v2\/pages\/14\/revisions\/585"}],"wp:attachment":[{"href":"https:\/\/neptune.asceagr.fr\/index.php?rest_route=%2Fwp%2Fv2%2Fmedia&parent=14"}],"curies":[{"name":"wp","href":"https:\/\/api.w.org\/{rel}","templated":true}]}}